{"id":84073,"date":"2026-04-21T09:27:28","date_gmt":"2026-04-21T07:27:28","guid":{"rendered":"https:\/\/www.it-matchmaker.com\/itm\/?page_id=84073"},"modified":"2026-04-21T17:42:22","modified_gmt":"2026-04-21T15:42:22","slug":"newsletter","status":"publish","type":"page","link":"https:\/\/www.it-matchmaker.com\/itm\/fuer-anbieter\/werbemoeglichkeiten\/newsletter\/","title":{"rendered":"Newsletter-Platzierung f\u00fcr Anbieter"},"content":{"rendered":"\t\t<div data-elementor-type=\"wp-page\" data-elementor-id=\"84073\" class=\"elementor elementor-84073\" data-elementor-post-type=\"page\">\n\t\t\t\t<section class=\"elementor-element elementor-element-55e2f7d e-flex e-con-boxed e-con e-parent\" data-id=\"55e2f7d\" data-element_type=\"container\" data-e-type=\"container\">\n\t\t\t\t\t<div class=\"e-con-inner\">\n\t\t<div class=\"elementor-element elementor-element-f6abba3 e-con-full e-flex e-con e-child\" data-id=\"f6abba3\" data-element_type=\"container\" data-e-type=\"container\">\n\t\t\t\t<div class=\"elementor-element elementor-element-413e03f elementor-widget elementor-widget-heading\" data-id=\"413e03f\" data-element_type=\"widget\" data-e-type=\"widget\" data-widget_type=\"heading.default\">\n\t\t\t\t\t<h1 class=\"elementor-heading-title elementor-size-default\">Newsletter-Platzierung f\u00fcr mehr Reichweite in relevanten Zielgruppen<\/h1>\t\t\t\t<\/div>\n\t\t\t\t<div class=\"elementor-element elementor-element-b15b2b5 elementor-widget elementor-widget-text-editor\" data-id=\"b15b2b5\" data-element_type=\"widget\" data-e-type=\"widget\" data-widget_type=\"text-editor.default\">\n\t\t\t\t\t\t\t\t\t<p>Nutzen Sie den 14-t\u00e4gigen Newsletter IT-Matchmaker.<em>news<\/em>, um Ihr Unternehmen, Ihre L\u00f6sung oder ausgew\u00e4hlte Inhalte in einem etablierten Informationsumfeld sichtbar zu machen.<\/p>\t\t\t\t\t\t\t\t<\/div>\n\t\t<div class=\"elementor-element elementor-element-b3d0379 e-con-full e-flex e-con e-child\" data-id=\"b3d0379\" data-element_type=\"container\" data-e-type=\"container\">\n\t\t\t\t<div class=\"elementor-element elementor-element-ac381cb elementor-widget elementor-widget-downloadcenter-button\" data-id=\"ac381cb\" data-element_type=\"widget\" data-e-type=\"widget\" data-widget_type=\"downloadcenter-button.default\">\n\t\t\t\t\t\t\t<a style=\"background-color:var(--e-global-color-e89e718)\" class=\"elementor-button elementor-button-link elementor-size-sm\" target=\"_blank\" href=\"\/itm\/wp-content\/plugins\/trovarit_homepage_admin\/get_article.php?articleID=1658\">\r\n\t\t<span class=\"elementor-button-content-wrapper\">\r\n\t\t\t<span class=\"elementor-button-icon\"><i aria-hidden=\"true\" class=\"fas fa-lock-open\"><\/i><\/span>\t\t\t<span class=\"elementor-button-text\">Download Mediadaten<\/span>\r\n\t\t<\/span>\r\n\t\t<\/a>\r\n\t\t\t\t\t\t<\/div>\n\t\t\t\t<div class=\"elementor-element elementor-element-2a4402b elementor-widget elementor-widget-button\" data-id=\"2a4402b\" data-element_type=\"widget\" data-e-type=\"widget\" data-widget_type=\"button.default\">\n\t\t\t\t\t\t\t\t\t\t<a class=\"elementor-button elementor-button-link elementor-size-sm\" href=\"#elementor-action%3Aaction%3Dpopup%3Aopen%26settings%3DeyJpZCI6IjgzODQ5IiwidG9nZ2xlIjpmYWxzZX0%3D\">\n\t\t\t\t\t\t<span class=\"elementor-button-content-wrapper\">\n\t\t\t\t\t\t\t\t\t<span class=\"elementor-button-text\">Kontakt<\/span>\n\t\t\t\t\t<\/span>\n\t\t\t\t\t<\/a>\n\t\t\t\t\t\t\t\t<\/div>\n\t\t\t\t<\/div>\n\t\t\t\t<\/div>\n\t\t<div class=\"elementor-element elementor-element-5b3bc87 e-con-full e-flex e-con e-child\" data-id=\"5b3bc87\" data-element_type=\"container\" data-e-type=\"container\">\n\t\t\t\t<div class=\"elementor-element elementor-element-929862c elementor-widget elementor-widget-image\" data-id=\"929862c\" data-element_type=\"widget\" data-e-type=\"widget\" data-widget_type=\"image.default\">\n\t\t\t\t\t\t\t\t\t\t\t\t\t\t\t<img fetchpriority=\"high\" decoding=\"async\" width=\"800\" height=\"451\" src=\"https:\/\/www.it-matchmaker.com\/itm\/wp-content\/uploads\/2026\/04\/it-matchmaker-newsletter-1024x577.jpg\" class=\"attachment-large size-large wp-image-84079\" alt=\"IT-Matchmaker.news Newsletter\" srcset=\"https:\/\/www.it-matchmaker.com\/itm\/wp-content\/uploads\/2026\/04\/it-matchmaker-newsletter-1024x577.jpg 1024w, https:\/\/www.it-matchmaker.com\/itm\/wp-content\/uploads\/2026\/04\/it-matchmaker-newsletter-300x169.jpg 300w, https:\/\/www.it-matchmaker.com\/itm\/wp-content\/uploads\/2026\/04\/it-matchmaker-newsletter-768x433.jpg 768w, https:\/\/www.it-matchmaker.com\/itm\/wp-content\/uploads\/2026\/04\/it-matchmaker-newsletter-1536x865.jpg 1536w, https:\/\/www.it-matchmaker.com\/itm\/wp-content\/uploads\/2026\/04\/it-matchmaker-newsletter-2048x1154.jpg 2048w\" sizes=\"(max-width: 800px) 100vw, 800px\" \/>\t\t\t\t\t\t\t\t\t\t\t\t\t\t\t<\/div>\n\t\t\t\t<\/div>\n\t\t\t\t\t<\/div>\n\t\t\t\t<\/section>\n\t\t<section class=\"elementor-element elementor-element-f4dd3f0 e-flex e-con-boxed e-con e-parent\" data-id=\"f4dd3f0\" data-element_type=\"container\" data-e-type=\"container\" data-settings=\"{&quot;background_background&quot;:&quot;classic&quot;}\">\n\t\t\t\t\t<div class=\"e-con-inner\">\n\t\t\t\t<div class=\"elementor-element elementor-element-9916e62 elementor-widget elementor-widget-heading\" data-id=\"9916e62\" data-element_type=\"widget\" data-e-type=\"widget\" data-widget_type=\"heading.default\">\n\t\t\t\t\t<h2 class=\"elementor-heading-title elementor-size-default\">Was der Newsletter f\u00fcr Sie leistet<\/h2>\t\t\t\t<\/div>\n\t\t\t\t<div class=\"elementor-element elementor-element-38aa830 elementor-widget elementor-widget-text-editor\" data-id=\"38aa830\" data-element_type=\"widget\" data-e-type=\"widget\" data-widget_type=\"text-editor.default\">\n\t\t\t\t\t\t\t\t\t<p>Der Newsletter <strong data-start=\"1823\" data-end=\"1845\">IT-Matchmaker.news<\/strong> richtet sich an IT-Entscheider und Verantwortliche aus Unternehmen, die sich mit Auswahl, Einf\u00fchrung und Optimierung von Business Software besch\u00e4ftigen. Damit eignet sich das Format besonders dann, wenn Sie zus\u00e4tzliche Aufmerksamkeit f\u00fcr Ihr Unternehmen, Ihre L\u00f6sung oder ein konkretes Thema aufbauen m\u00f6chten.<\/p>\t\t\t\t\t\t\t\t<\/div>\n\t\t\t\t<div class=\"elementor-element elementor-element-df83373 elementor-widget elementor-widget-heading\" data-id=\"df83373\" data-element_type=\"widget\" data-e-type=\"widget\" data-widget_type=\"heading.default\">\n\t\t\t\t\t<h3 class=\"elementor-heading-title elementor-size-default\">Kurz\u00fcberblick<\/h3>\t\t\t\t<\/div>\n\t\t\t\t<div class=\"elementor-element elementor-element-0d4db6e elementor-widget elementor-widget-text-editor\" data-id=\"0d4db6e\" data-element_type=\"widget\" data-e-type=\"widget\" data-widget_type=\"text-editor.default\">\n\t\t\t\t\t\t\t\t\t<p><strong>Reichweite im passenden Umfeld<\/strong><br \/>Ihre Platzierung erscheint in einem thematisch passenden Informationsumfeld rund um Business Software.<\/p><p><strong>Sichtbarkeit f\u00fcr Unternehmen, L\u00f6sung oder Inhalte<\/strong><br \/>Sie k\u00f6nnen gezielt auf Ihr Unternehmen, Ihre L\u00f6sung, Inhalte oder Aktionen aufmerksam machen.<\/p><p><strong>Erg\u00e4nzung zu Ihrer Plattformpr\u00e4senz<\/strong><br \/>Die Newsletter-Platzierung erg\u00e4nzt Ihre Sichtbarkeit auf dem IT-Matchmaker\u00ae um zus\u00e4tzliche Reichweite au\u00dferhalb der Plattform.<\/p>\t\t\t\t\t\t\t\t<\/div>\n\t\t\t\t<div class=\"elementor-element elementor-element-3dcb3bc elementor-widget elementor-widget-heading\" data-id=\"3dcb3bc\" data-element_type=\"widget\" data-e-type=\"widget\" data-widget_type=\"heading.default\">\n\t\t\t\t\t<h2 class=\"elementor-heading-title elementor-size-default\">Ihre Zielgruppe im Newsletter<\/h2>\t\t\t\t<\/div>\n\t\t\t\t<div class=\"elementor-element elementor-element-8deaa1f elementor-widget elementor-widget-text-editor\" data-id=\"8deaa1f\" data-element_type=\"widget\" data-e-type=\"widget\" data-widget_type=\"text-editor.default\">\n\t\t\t\t\t\t\t\t\t<p>Mit IT-Matchmaker.<em>news<\/em> erreichen Sie vor allem IT-Entscheider und Verantwortliche aus Unternehmen in Deutschland, \u00d6sterreich und der Schweiz.<\/p>\t\t\t\t\t\t\t\t<\/div>\n\t\t\t\t<div class=\"elementor-element elementor-element-b0c8dc6 elementor-widget elementor-widget-heading\" data-id=\"b0c8dc6\" data-element_type=\"widget\" data-e-type=\"widget\" data-widget_type=\"heading.default\">\n\t\t\t\t\t<h3 class=\"elementor-heading-title elementor-size-default\">Zielgruppenprofil<\/h3>\t\t\t\t<\/div>\n\t\t<div class=\"elementor-element elementor-element-d467958 e-con-full e-flex e-con e-child\" data-id=\"d467958\" data-element_type=\"container\" data-e-type=\"container\">\n\t\t\t\t<div class=\"elementor-element elementor-element-24ee2c5 elementor-widget elementor-widget-text-editor\" data-id=\"24ee2c5\" data-element_type=\"widget\" data-e-type=\"widget\" data-widget_type=\"text-editor.default\">\n\t\t\t\t\t\t\t\t\t<ul><li>Gesch\u00e4ftsf\u00fchrung<\/li><li>CIO \/ Leitung IT<\/li><li>CFO \/ Leitung Finanzen<\/li><li>Rechnungswesen<\/li><li>Kaufm\u00e4nnische Leitung<\/li><\/ul>\t\t\t\t\t\t\t\t<\/div>\n\t\t\t\t<div class=\"elementor-element elementor-element-45efcb3 elementor-widget elementor-widget-text-editor\" data-id=\"45efcb3\" data-element_type=\"widget\" data-e-type=\"widget\" data-widget_type=\"text-editor.default\">\n\t\t\t\t\t\t\t\t\t<ul><li>Unternehmen mit 50 bis 5.000 Mitarbeitenden<\/li><li>Schwerpunkte in Industrie, Handel und unternehmensbezogenen Dienstleistungen<\/li><\/ul>\t\t\t\t\t\t\t\t<\/div>\n\t\t\t\t<\/div>\n\t\t\t\t<div class=\"elementor-element elementor-element-1ced906 elementor-widget elementor-widget-text-editor\" data-id=\"1ced906\" data-element_type=\"widget\" data-e-type=\"widget\" data-widget_type=\"text-editor.default\">\n\t\t\t\t\t\t\t\t\t<p>Das macht den Newsletter besonders interessant f\u00fcr Anbieter, die Sichtbarkeit in einem fachlich passenden B2B-Umfeld aufbauen m\u00f6chten.<\/p>\t\t\t\t\t\t\t\t<\/div>\n\t\t\t\t<div class=\"elementor-element elementor-element-c1c8954 elementor-widget elementor-widget-heading\" data-id=\"c1c8954\" data-element_type=\"widget\" data-e-type=\"widget\" data-widget_type=\"heading.default\">\n\t\t\t\t\t<h2 class=\"elementor-heading-title elementor-size-default\">Welche Platzierungsformen es gibt<\/h2>\t\t\t\t<\/div>\n\t\t\t\t<div class=\"elementor-element elementor-element-e2e0bb5 elementor-widget elementor-widget-text-editor\" data-id=\"e2e0bb5\" data-element_type=\"widget\" data-e-type=\"widget\" data-widget_type=\"text-editor.default\">\n\t\t\t\t\t\t\t\t\t<p>F\u00fcr den Newsletter stehen unterschiedliche Formate zur Verf\u00fcgung \u2013 je nachdem, ob Sie eher Aufmerksamkeit erzeugen oder konkretere Inhalte platzieren m\u00f6chten.<\/p><p><strong>Textanzeige<\/strong><\/p><p>Mit einer Textanzeige platzieren Sie Ihre Botschaft zwischen den redaktionellen Beitr\u00e4gen des Newsletters. Dieses Format eignet sich besonders, wenn Sie Inhalte, L\u00f6sungen oder konkrete Themen kompakt und aufmerksamkeitsstark kommunizieren m\u00f6chten.<\/p><p><strong>Banner<\/strong><\/p><p>Banner eignen sich, wenn Sie mit einer klaren visuellen Platzierung zus\u00e4tzliche Aufmerksamkeit f\u00fcr Ihr Unternehmen oder Ihre L\u00f6sung erzeugen m\u00f6chten.<\/p>\t\t\t\t\t\t\t\t<\/div>\n\t\t\t\t<div class=\"elementor-element elementor-element-09aaa76 elementor-widget elementor-widget-heading\" data-id=\"09aaa76\" data-element_type=\"widget\" data-e-type=\"widget\" data-widget_type=\"heading.default\">\n\t\t\t\t\t<h2 class=\"elementor-heading-title elementor-size-default\">Kontakt<\/h2>\t\t\t\t<\/div>\n\t\t\t\t<div class=\"elementor-element elementor-element-ef6c41f elementor-widget elementor-widget-text-editor\" data-id=\"ef6c41f\" data-element_type=\"widget\" data-e-type=\"widget\" data-widget_type=\"text-editor.default\">\n\t\t\t\t\t\t\t\t\t<p>Sie haben Fragen zum Newsletter oder zu unseren anderen Werbem\u00f6glichkeiten? Nehmen Sie Kontakt auf! Gerne unterbreiten wir Ihnen ein pers\u00f6nliches Angebot!<\/p>\t\t\t\t\t\t\t\t<\/div>\n\t\t<div class=\"elementor-element elementor-element-dfa4b5a e-con-full e-flex e-con e-child\" data-id=\"dfa4b5a\" data-element_type=\"container\" data-e-type=\"container\">\n\t\t\t\t<div class=\"elementor-element elementor-element-058afee elementor-widget elementor-widget-button\" data-id=\"058afee\" data-element_type=\"widget\" data-e-type=\"widget\" data-widget_type=\"button.default\">\n\t\t\t\t\t\t\t\t\t\t<a class=\"elementor-button elementor-button-link elementor-size-sm\" href=\"#elementor-action%3Aaction%3Dpopup%3Aopen%26settings%3DeyJpZCI6IjgzODQ5IiwidG9nZ2xlIjpmYWxzZX0%3D\">\n\t\t\t\t\t\t<span class=\"elementor-button-content-wrapper\">\n\t\t\t\t\t\t\t\t\t<span class=\"elementor-button-text\">Kontakt<\/span>\n\t\t\t\t\t<\/span>\n\t\t\t\t\t<\/a>\n\t\t\t\t\t\t\t\t<\/div>\n\t\t\t\t<div class=\"elementor-element elementor-element-e0d0094 elementor-widget elementor-widget-button\" data-id=\"e0d0094\" data-element_type=\"widget\" data-e-type=\"widget\" data-widget_type=\"button.default\">\n\t\t\t\t\t\t\t\t\t\t<a class=\"elementor-button elementor-button-link elementor-size-sm\" href=\"https:\/\/www.it-matchmaker.com\/itm\/wp-content\/uploads\/2025\/12\/mediadaten-2026.pdf\">\n\t\t\t\t\t\t<span class=\"elementor-button-content-wrapper\">\n\t\t\t\t\t\t\t\t\t<span class=\"elementor-button-text\">Mediadaten<\/span>\n\t\t\t\t\t<\/span>\n\t\t\t\t\t<\/a>\n\t\t\t\t\t\t\t\t<\/div>\n\t\t\t\t<\/div>\n\t\t\t\t\t<\/div>\n\t\t\t\t<\/section>\n\t\t\t\t<\/div>\n\t\t","protected":false},"excerpt":{"rendered":"<p>Newsletter-Platzierung f\u00fcr mehr Reichweite in relevanten Zielgruppen Nutzen Sie den 14-t\u00e4gigen Newsletter IT-Matchmaker.news, um Ihr Unternehmen, Ihre L\u00f6sung oder ausgew\u00e4hlte Inhalte in einem etablierten Informationsumfeld sichtbar zu machen. Download Mediadaten Kontakt Was der Newsletter f\u00fcr Sie leistet Der Newsletter IT-Matchmaker.news richtet sich an IT-Entscheider und Verantwortliche aus Unternehmen, die sich mit Auswahl, Einf\u00fchrung und Optimierung [&hellip;]<\/p>\n","protected":false},"author":2,"featured_media":0,"parent":83067,"menu_order":0,"comment_status":"closed","ping_status":"closed","template":"","meta":{"_acf_changed":false,"footnotes":""},"kurztitel_webinare":[],"class_list":["post-84073","page","type-page","status-publish","hentry"],"acf":[],"yoast_head":"<!-- This site is optimized with the Yoast SEO plugin v27.5 - https:\/\/yoast.com\/product\/yoast-seo-wordpress\/ -->\n<title>Newsletter-Platzierung f\u00fcr Anbieter in IT-Matchmaker.news<\/title>\n<meta name=\"description\" content=\"Platzieren Sie Ihr Unternehmen mit Anzeigen im Newsletter IT-Matchmaker.news f\u00fcr mehr Reichweite in relevanten Zielgruppen.\" \/>\n<meta name=\"robots\" content=\"index, follow, max-snippet:-1, max-image-preview:large, max-video-preview:-1\" \/>\n<link rel=\"canonical\" href=\"https:\/\/www.it-matchmaker.com\/itm\/fuer-anbieter\/werbemoeglichkeiten\/newsletter\/\" \/>\n<meta property=\"og:locale\" content=\"de_DE\" \/>\n<meta property=\"og:type\" content=\"article\" \/>\n<meta property=\"og:title\" content=\"Newsletter-Platzierung f\u00fcr Anbieter in IT-Matchmaker.news\" \/>\n<meta property=\"og:description\" content=\"Platzieren Sie Ihr Unternehmen mit Anzeigen im Newsletter IT-Matchmaker.news f\u00fcr mehr Reichweite in relevanten Zielgruppen.\" \/>\n<meta property=\"og:url\" content=\"https:\/\/www.it-matchmaker.com\/itm\/fuer-anbieter\/werbemoeglichkeiten\/newsletter\/\" \/>\n<meta property=\"og:site_name\" content=\"IT-Matchmaker\" \/>\n<meta property=\"article:modified_time\" content=\"2026-04-21T15:42:22+00:00\" \/>\n<meta property=\"og:image\" content=\"https:\/\/www.it-matchmaker.com\/itm\/wp-content\/uploads\/2026\/04\/it-matchmaker-newsletter-1024x577.jpg\" \/>\n<meta name=\"twitter:card\" content=\"summary_large_image\" \/>\n<meta name=\"twitter:label1\" content=\"Gesch\u00e4tzte Lesezeit\" \/>\n\t<meta name=\"twitter:data1\" content=\"2\u00a0Minuten\" \/>\n<script type=\"application\/ld+json\" class=\"yoast-schema-graph\">{\"@context\":\"https:\\\/\\\/schema.org\",\"@graph\":[{\"@type\":\"WebPage\",\"@id\":\"https:\\\/\\\/www.it-matchmaker.com\\\/itm\\\/fuer-anbieter\\\/werbemoeglichkeiten\\\/newsletter\\\/\",\"url\":\"https:\\\/\\\/www.it-matchmaker.com\\\/itm\\\/fuer-anbieter\\\/werbemoeglichkeiten\\\/newsletter\\\/\",\"name\":\"Newsletter-Platzierung f\u00fcr Anbieter in IT-Matchmaker.news\",\"isPartOf\":{\"@id\":\"https:\\\/\\\/www.it-matchmaker.com\\\/itm\\\/#website\"},\"primaryImageOfPage\":{\"@id\":\"https:\\\/\\\/www.it-matchmaker.com\\\/itm\\\/fuer-anbieter\\\/werbemoeglichkeiten\\\/newsletter\\\/#primaryimage\"},\"image\":{\"@id\":\"https:\\\/\\\/www.it-matchmaker.com\\\/itm\\\/fuer-anbieter\\\/werbemoeglichkeiten\\\/newsletter\\\/#primaryimage\"},\"thumbnailUrl\":\"https:\\\/\\\/www.it-matchmaker.com\\\/itm\\\/wp-content\\\/uploads\\\/2026\\\/04\\\/it-matchmaker-newsletter-1024x577.jpg\",\"datePublished\":\"2026-04-21T07:27:28+00:00\",\"dateModified\":\"2026-04-21T15:42:22+00:00\",\"description\":\"Platzieren Sie Ihr Unternehmen mit Anzeigen im Newsletter IT-Matchmaker.news f\u00fcr mehr Reichweite in relevanten Zielgruppen.\",\"breadcrumb\":{\"@id\":\"https:\\\/\\\/www.it-matchmaker.com\\\/itm\\\/fuer-anbieter\\\/werbemoeglichkeiten\\\/newsletter\\\/#breadcrumb\"},\"inLanguage\":\"de\",\"potentialAction\":[{\"@type\":\"ReadAction\",\"target\":[\"https:\\\/\\\/www.it-matchmaker.com\\\/itm\\\/fuer-anbieter\\\/werbemoeglichkeiten\\\/newsletter\\\/\"]}]},{\"@type\":\"ImageObject\",\"inLanguage\":\"de\",\"@id\":\"https:\\\/\\\/www.it-matchmaker.com\\\/itm\\\/fuer-anbieter\\\/werbemoeglichkeiten\\\/newsletter\\\/#primaryimage\",\"url\":\"https:\\\/\\\/www.it-matchmaker.com\\\/itm\\\/wp-content\\\/uploads\\\/2026\\\/04\\\/it-matchmaker-newsletter.jpg\",\"contentUrl\":\"https:\\\/\\\/www.it-matchmaker.com\\\/itm\\\/wp-content\\\/uploads\\\/2026\\\/04\\\/it-matchmaker-newsletter.jpg\",\"width\":2340,\"height\":1318,\"caption\":\"IT-Matchmaker.news Newsletter\"},{\"@type\":\"BreadcrumbList\",\"@id\":\"https:\\\/\\\/www.it-matchmaker.com\\\/itm\\\/fuer-anbieter\\\/werbemoeglichkeiten\\\/newsletter\\\/#breadcrumb\",\"itemListElement\":[{\"@type\":\"ListItem\",\"position\":1,\"name\":\"Start\",\"item\":\"https:\\\/\\\/www.it-matchmaker.com\\\/itm\\\/\"},{\"@type\":\"ListItem\",\"position\":2,\"name\":\"F\u00fcr Anbieter\",\"item\":\"https:\\\/\\\/www.it-matchmaker.com\\\/itm\\\/fuer-anbieter\\\/\"},{\"@type\":\"ListItem\",\"position\":3,\"name\":\"Werbem\u00f6glichkeiten\",\"item\":\"https:\\\/\\\/www.it-matchmaker.com\\\/itm\\\/fuer-anbieter\\\/werbemoeglichkeiten\\\/\"},{\"@type\":\"ListItem\",\"position\":4,\"name\":\"Newsletter-Platzierung f\u00fcr Anbieter\"}]},{\"@type\":\"WebSite\",\"@id\":\"https:\\\/\\\/www.it-matchmaker.com\\\/itm\\\/#website\",\"url\":\"https:\\\/\\\/www.it-matchmaker.com\\\/itm\\\/\",\"name\":\"IT-Matchmaker\",\"description\":\"Software-Projekte einfach sicher\",\"publisher\":{\"@id\":\"https:\\\/\\\/www.it-matchmaker.com\\\/itm\\\/#organization\"},\"potentialAction\":[{\"@type\":\"SearchAction\",\"target\":{\"@type\":\"EntryPoint\",\"urlTemplate\":\"https:\\\/\\\/www.it-matchmaker.com\\\/itm\\\/?s={search_term_string}\"},\"query-input\":{\"@type\":\"PropertyValueSpecification\",\"valueRequired\":true,\"valueName\":\"search_term_string\"}}],\"inLanguage\":\"de\"},{\"@type\":\"Organization\",\"@id\":\"https:\\\/\\\/www.it-matchmaker.com\\\/itm\\\/#organization\",\"name\":\"IT-Matchmaker\",\"url\":\"https:\\\/\\\/www.it-matchmaker.com\\\/itm\\\/\",\"logo\":{\"@type\":\"ImageObject\",\"inLanguage\":\"de\",\"@id\":\"https:\\\/\\\/www.it-matchmaker.com\\\/itm\\\/#\\\/schema\\\/logo\\\/image\\\/\",\"url\":\"\",\"contentUrl\":\"\",\"caption\":\"IT-Matchmaker\"},\"image\":{\"@id\":\"https:\\\/\\\/www.it-matchmaker.com\\\/itm\\\/#\\\/schema\\\/logo\\\/image\\\/\"}}]}<\/script>\n<!-- \/ Yoast SEO plugin. -->","yoast_head_json":{"title":"Newsletter-Platzierung f\u00fcr Anbieter in IT-Matchmaker.news","description":"Platzieren Sie Ihr Unternehmen mit Anzeigen im Newsletter IT-Matchmaker.news f\u00fcr mehr Reichweite in relevanten Zielgruppen.","robots":{"index":"index","follow":"follow","max-snippet":"max-snippet:-1","max-image-preview":"max-image-preview:large","max-video-preview":"max-video-preview:-1"},"canonical":"https:\/\/www.it-matchmaker.com\/itm\/fuer-anbieter\/werbemoeglichkeiten\/newsletter\/","og_locale":"de_DE","og_type":"article","og_title":"Newsletter-Platzierung f\u00fcr Anbieter in IT-Matchmaker.news","og_description":"Platzieren Sie Ihr Unternehmen mit Anzeigen im Newsletter IT-Matchmaker.news f\u00fcr mehr Reichweite in relevanten Zielgruppen.","og_url":"https:\/\/www.it-matchmaker.com\/itm\/fuer-anbieter\/werbemoeglichkeiten\/newsletter\/","og_site_name":"IT-Matchmaker","article_modified_time":"2026-04-21T15:42:22+00:00","og_image":[{"url":"https:\/\/www.it-matchmaker.com\/itm\/wp-content\/uploads\/2026\/04\/it-matchmaker-newsletter-1024x577.jpg","type":"","width":"","height":""}],"twitter_card":"summary_large_image","twitter_misc":{"Gesch\u00e4tzte Lesezeit":"2\u00a0Minuten"},"schema":{"@context":"https:\/\/schema.org","@graph":[{"@type":"WebPage","@id":"https:\/\/www.it-matchmaker.com\/itm\/fuer-anbieter\/werbemoeglichkeiten\/newsletter\/","url":"https:\/\/www.it-matchmaker.com\/itm\/fuer-anbieter\/werbemoeglichkeiten\/newsletter\/","name":"Newsletter-Platzierung f\u00fcr Anbieter in IT-Matchmaker.news","isPartOf":{"@id":"https:\/\/www.it-matchmaker.com\/itm\/#website"},"primaryImageOfPage":{"@id":"https:\/\/www.it-matchmaker.com\/itm\/fuer-anbieter\/werbemoeglichkeiten\/newsletter\/#primaryimage"},"image":{"@id":"https:\/\/www.it-matchmaker.com\/itm\/fuer-anbieter\/werbemoeglichkeiten\/newsletter\/#primaryimage"},"thumbnailUrl":"https:\/\/www.it-matchmaker.com\/itm\/wp-content\/uploads\/2026\/04\/it-matchmaker-newsletter-1024x577.jpg","datePublished":"2026-04-21T07:27:28+00:00","dateModified":"2026-04-21T15:42:22+00:00","description":"Platzieren Sie Ihr Unternehmen mit Anzeigen im Newsletter IT-Matchmaker.news f\u00fcr mehr Reichweite in relevanten Zielgruppen.","breadcrumb":{"@id":"https:\/\/www.it-matchmaker.com\/itm\/fuer-anbieter\/werbemoeglichkeiten\/newsletter\/#breadcrumb"},"inLanguage":"de","potentialAction":[{"@type":"ReadAction","target":["https:\/\/www.it-matchmaker.com\/itm\/fuer-anbieter\/werbemoeglichkeiten\/newsletter\/"]}]},{"@type":"ImageObject","inLanguage":"de","@id":"https:\/\/www.it-matchmaker.com\/itm\/fuer-anbieter\/werbemoeglichkeiten\/newsletter\/#primaryimage","url":"https:\/\/www.it-matchmaker.com\/itm\/wp-content\/uploads\/2026\/04\/it-matchmaker-newsletter.jpg","contentUrl":"https:\/\/www.it-matchmaker.com\/itm\/wp-content\/uploads\/2026\/04\/it-matchmaker-newsletter.jpg","width":2340,"height":1318,"caption":"IT-Matchmaker.news Newsletter"},{"@type":"BreadcrumbList","@id":"https:\/\/www.it-matchmaker.com\/itm\/fuer-anbieter\/werbemoeglichkeiten\/newsletter\/#breadcrumb","itemListElement":[{"@type":"ListItem","position":1,"name":"Start","item":"https:\/\/www.it-matchmaker.com\/itm\/"},{"@type":"ListItem","position":2,"name":"F\u00fcr Anbieter","item":"https:\/\/www.it-matchmaker.com\/itm\/fuer-anbieter\/"},{"@type":"ListItem","position":3,"name":"Werbem\u00f6glichkeiten","item":"https:\/\/www.it-matchmaker.com\/itm\/fuer-anbieter\/werbemoeglichkeiten\/"},{"@type":"ListItem","position":4,"name":"Newsletter-Platzierung f\u00fcr Anbieter"}]},{"@type":"WebSite","@id":"https:\/\/www.it-matchmaker.com\/itm\/#website","url":"https:\/\/www.it-matchmaker.com\/itm\/","name":"IT-Matchmaker","description":"Software-Projekte einfach sicher","publisher":{"@id":"https:\/\/www.it-matchmaker.com\/itm\/#organization"},"potentialAction":[{"@type":"SearchAction","target":{"@type":"EntryPoint","urlTemplate":"https:\/\/www.it-matchmaker.com\/itm\/?s={search_term_string}"},"query-input":{"@type":"PropertyValueSpecification","valueRequired":true,"valueName":"search_term_string"}}],"inLanguage":"de"},{"@type":"Organization","@id":"https:\/\/www.it-matchmaker.com\/itm\/#organization","name":"IT-Matchmaker","url":"https:\/\/www.it-matchmaker.com\/itm\/","logo":{"@type":"ImageObject","inLanguage":"de","@id":"https:\/\/www.it-matchmaker.com\/itm\/#\/schema\/logo\/image\/","url":"","contentUrl":"","caption":"IT-Matchmaker"},"image":{"@id":"https:\/\/www.it-matchmaker.com\/itm\/#\/schema\/logo\/image\/"}}]}},"_links":{"self":[{"href":"https:\/\/www.it-matchmaker.com\/itm\/wp-json\/wp\/v2\/pages\/84073","targetHints":{"allow":["GET"]}}],"collection":[{"href":"https:\/\/www.it-matchmaker.com\/itm\/wp-json\/wp\/v2\/pages"}],"about":[{"href":"https:\/\/www.it-matchmaker.com\/itm\/wp-json\/wp\/v2\/types\/page"}],"author":[{"embeddable":true,"href":"https:\/\/www.it-matchmaker.com\/itm\/wp-json\/wp\/v2\/users\/2"}],"replies":[{"embeddable":true,"href":"https:\/\/www.it-matchmaker.com\/itm\/wp-json\/wp\/v2\/comments?post=84073"}],"version-history":[{"count":8,"href":"https:\/\/www.it-matchmaker.com\/itm\/wp-json\/wp\/v2\/pages\/84073\/revisions"}],"predecessor-version":[{"id":84122,"href":"https:\/\/www.it-matchmaker.com\/itm\/wp-json\/wp\/v2\/pages\/84073\/revisions\/84122"}],"up":[{"embeddable":true,"href":"https:\/\/www.it-matchmaker.com\/itm\/wp-json\/wp\/v2\/pages\/83067"}],"wp:attachment":[{"href":"https:\/\/www.it-matchmaker.com\/itm\/wp-json\/wp\/v2\/media?parent=84073"}],"wp:term":[{"taxonomy":"kurztitel_webinare","embeddable":true,"href":"https:\/\/www.it-matchmaker.com\/itm\/wp-json\/wp\/v2\/kurztitel_webinare?post=84073"}],"curies":[{"name":"wp","href":"https:\/\/api.w.org\/{rel}","templated":true}]}}