{"id":83123,"date":"2026-04-07T09:53:42","date_gmt":"2026-04-07T07:53:42","guid":{"rendered":"https:\/\/www.it-matchmaker.com\/itm\/?page_id=83123"},"modified":"2026-04-18T21:49:07","modified_gmt":"2026-04-18T19:49:07","slug":"plattform","status":"publish","type":"page","link":"https:\/\/www.it-matchmaker.com\/itm\/","title":{"rendered":"Plattform"},"content":{"rendered":"\t\t<div data-elementor-type=\"wp-page\" data-elementor-id=\"83123\" class=\"elementor elementor-83123\" data-elementor-post-type=\"page\">\n\t\t\t\t<section class=\"elementor-element elementor-element-8da1b64 e-flex e-con-boxed e-con e-parent\" data-id=\"8da1b64\" data-element_type=\"container\" data-e-type=\"container\">\n\t\t\t\t\t<div class=\"e-con-inner\">\n\t\t<div class=\"elementor-element elementor-element-bbfd0b1 e-con-full e-flex e-con e-child\" data-id=\"bbfd0b1\" data-element_type=\"container\" data-e-type=\"container\">\n\t\t\t\t<div class=\"elementor-element elementor-element-28b98b6 elementor-widget elementor-widget-heading\" data-id=\"28b98b6\" data-element_type=\"widget\" data-e-type=\"widget\" data-widget_type=\"heading.default\">\n\t\t\t\t\t<h1 class=\"elementor-heading-title elementor-size-default\">Was ist der IT-Matchmaker\u00ae?<\/h1>\t\t\t\t<\/div>\n\t\t\t\t<div class=\"elementor-element elementor-element-afb8bfc elementor-widget elementor-widget-text-editor\" data-id=\"afb8bfc\" data-element_type=\"widget\" data-e-type=\"widget\" data-widget_type=\"text-editor.default\">\n\t\t\t\t\t\t\t\t\t<p>Die Plattform f\u00fcr Business-Software-Projekte \u2014 von der ersten Aufgabenstellung bis zum laufenden System mit speziell entwickelten kollaborativen Werkzeugen f\u00fcr den gesamten Lebenszyklus Ihres Business-Software-Projekts.<\/p>\t\t\t\t\t\t\t\t<\/div>\n\t\t<div class=\"elementor-element elementor-element-595c83f e-con-full e-flex e-con e-child\" data-id=\"595c83f\" data-element_type=\"container\" data-e-type=\"container\">\n\t\t\t\t<div class=\"elementor-element elementor-element-6c444ef elementor-widget elementor-widget-button\" data-id=\"6c444ef\" data-element_type=\"widget\" data-e-type=\"widget\" data-widget_type=\"button.default\">\n\t\t\t\t\t\t\t\t\t\t<a class=\"elementor-button elementor-button-link elementor-size-sm\" href=\"https:\/\/www.it-matchmaker.com\">\n\t\t\t\t\t\t<span class=\"elementor-button-content-wrapper\">\n\t\t\t\t\t\t\t\t\t<span class=\"elementor-button-text\">Mit dem IT-Matchmaker starten<\/span>\n\t\t\t\t\t<\/span>\n\t\t\t\t\t<\/a>\n\t\t\t\t\t\t\t\t<\/div>\n\t\t\t\t<div class=\"elementor-element elementor-element-1570623 elementor-icon-list--layout-traditional elementor-list-item-link-full_width elementor-widget elementor-widget-icon-list\" data-id=\"1570623\" data-element_type=\"widget\" data-e-type=\"widget\" data-widget_type=\"icon-list.default\">\n\t\t\t\t\t\t\t<ul class=\"elementor-icon-list-items\">\n\t\t\t\t\t\t\t<li class=\"elementor-icon-list-item\">\n\t\t\t\t\t\t\t\t\t\t\t<a href=\"https:\/\/www.it-matchmaker.com\/de\/software-suchen\/\">\n\n\t\t\t\t\t\t\t\t\t\t\t\t<span class=\"elementor-icon-list-icon\">\n\t\t\t\t\t\t\t<svg xmlns=\"http:\/\/www.w3.org\/2000\/svg\" viewBox=\"0 0 512 512\"><path d=\"M0 256a256 256 0 1 0 512 0A256 256 0 1 0 0 256zM297 385c-9.4 9.4-24.6 9.4-33.9 0s-9.4-24.6 0-33.9l71-71L120 280c-13.3 0-24-10.7-24-24s10.7-24 24-24l214.1 0-71-71c-9.4-9.4-9.4-24.6 0-33.9s24.6-9.4 33.9 0L409 239c9.4 9.4 9.4 24.6 0 33.9L297 385z\"><\/path><\/svg>\t\t\t\t\t\t<\/span>\n\t\t\t\t\t\t\t\t\t\t<span class=\"elementor-icon-list-text\">Zur Marktrecherche<\/span>\n\t\t\t\t\t\t\t\t\t\t\t<\/a>\n\t\t\t\t\t\t\t\t\t<\/li>\n\t\t\t\t\t\t<\/ul>\n\t\t\t\t\t\t<\/div>\n\t\t\t\t<\/div>\n\t\t\t\t<\/div>\n\t\t<div class=\"elementor-element elementor-element-fff4666 e-con-full e-flex e-con e-child\" data-id=\"fff4666\" data-element_type=\"container\" data-e-type=\"container\">\n\t\t\t\t<\/div>\n\t\t\t\t\t<\/div>\n\t\t\t\t<\/section>\n\t\t<section class=\"elementor-element elementor-element-f22cf92 e-flex e-con-boxed e-con e-parent\" data-id=\"f22cf92\" data-element_type=\"container\" data-e-type=\"container\" data-settings=\"{&quot;background_background&quot;:&quot;classic&quot;}\">\n\t\t\t\t\t<div class=\"e-con-inner\">\n\t\t\t\t<div class=\"elementor-element elementor-element-111a5d5 elementor-widget elementor-widget-heading\" data-id=\"111a5d5\" data-element_type=\"widget\" data-e-type=\"widget\" data-widget_type=\"heading.default\">\n\t\t\t\t\t<h2 class=\"elementor-heading-title elementor-size-default\">Business-Software-Projekte sind mehr als eine Produktauswahl<\/h2>\t\t\t\t<\/div>\n\t\t\t\t<div class=\"elementor-element elementor-element-41dc28d elementor-widget elementor-widget-text-editor\" data-id=\"41dc28d\" data-element_type=\"widget\" data-e-type=\"widget\" data-widget_type=\"text-editor.default\">\n\t\t\t\t\t\t\t\t\t<p>Wer Business Software ausw\u00e4hlt oder einf\u00fchrt, muss mehr kl\u00e4ren als nur Funktionen und Anbieter. Anforderungen m\u00fcssen strukturiert, L\u00f6sungen vergleichbar, Entscheidungen belastbar und die Umsetzung sauber vorbereitet werden.<\/p><p>Der IT-Matchmaker\u00ae unterst\u00fctzt genau dabei: als Arbeitsplattform f\u00fcr die zentralen Aufgaben eines Business-Software-Projekts.<\/p>\t\t\t\t\t\t\t\t<\/div>\n\t\t\t\t<div class=\"elementor-element elementor-element-233d307 elementor-widget elementor-widget-heading\" data-id=\"233d307\" data-element_type=\"widget\" data-e-type=\"widget\" data-widget_type=\"heading.default\">\n\t\t\t\t\t<h2 class=\"elementor-heading-title elementor-size-default\">Wobei der IT-Matchmaker\u00ae konkret hilft<\/h2>\t\t\t\t<\/div>\n\t\t<div class=\"elementor-element elementor-element-0c8c565 e-con-full e-flex e-con e-child\" data-id=\"0c8c565\" data-element_type=\"container\" data-e-type=\"container\">\n\t\t<div class=\"elementor-element elementor-element-a2b1bc5 e-con-full e-flex e-con e-child\" data-id=\"a2b1bc5\" data-element_type=\"container\" data-e-type=\"container\" data-settings=\"{&quot;background_background&quot;:&quot;classic&quot;}\">\n\t\t\t\t<div class=\"elementor-element elementor-element-720e9a6 elementor-widget elementor-widget-heading\" data-id=\"720e9a6\" data-element_type=\"widget\" data-e-type=\"widget\" data-widget_type=\"heading.default\">\n\t\t\t\t\t<h3 class=\"elementor-heading-title elementor-size-default\">Orientierung schaffen<\/h3>\t\t\t\t<\/div>\n\t\t\t\t<div class=\"elementor-element elementor-element-98bf891 elementor-widget elementor-widget-text-editor\" data-id=\"98bf891\" data-element_type=\"widget\" data-e-type=\"widget\" data-widget_type=\"text-editor.default\">\n\t\t\t\t\t\t\t\t\t<p>Wenn Anforderungen noch unscharf sind und der Markt zun\u00e4chst eingegrenzt werden muss.<\/p>\t\t\t\t\t\t\t\t<\/div>\n\t\t\t\t<\/div>\n\t\t<div class=\"elementor-element elementor-element-29c4349 e-con-full e-flex e-con e-child\" data-id=\"29c4349\" data-element_type=\"container\" data-e-type=\"container\" data-settings=\"{&quot;background_background&quot;:&quot;classic&quot;}\">\n\t\t\t\t<div class=\"elementor-element elementor-element-f735108 elementor-widget elementor-widget-heading\" data-id=\"f735108\" data-element_type=\"widget\" data-e-type=\"widget\" data-widget_type=\"heading.default\">\n\t\t\t\t\t<h3 class=\"elementor-heading-title elementor-size-default\">Entscheidungen absichern<\/h3>\t\t\t\t<\/div>\n\t\t\t\t<div class=\"elementor-element elementor-element-a352266 elementor-widget elementor-widget-text-editor\" data-id=\"a352266\" data-element_type=\"widget\" data-e-type=\"widget\" data-widget_type=\"text-editor.default\">\n\t\t\t\t\t\t\t\t\t<p>Wenn L\u00f6sungen, Anbieter und Projektans\u00e4tze strukturiert verglichen und fundiert bewertet werden sollen.<\/p>\t\t\t\t\t\t\t\t<\/div>\n\t\t\t\t<\/div>\n\t\t<div class=\"elementor-element elementor-element-129443f e-con-full e-flex e-con e-child\" data-id=\"129443f\" data-element_type=\"container\" data-e-type=\"container\" data-settings=\"{&quot;background_background&quot;:&quot;classic&quot;}\">\n\t\t\t\t<div class=\"elementor-element elementor-element-4ec279b elementor-widget elementor-widget-heading\" data-id=\"4ec279b\" data-element_type=\"widget\" data-e-type=\"widget\" data-widget_type=\"heading.default\">\n\t\t\t\t\t<h3 class=\"elementor-heading-title elementor-size-default\">Umsetzung begleiten<\/h3>\t\t\t\t<\/div>\n\t\t\t\t<div class=\"elementor-element elementor-element-3cc47a2 elementor-widget elementor-widget-text-editor\" data-id=\"3cc47a2\" data-element_type=\"widget\" data-e-type=\"widget\" data-widget_type=\"text-editor.default\">\n\t\t\t\t\t\t\t\t\t<p>Wenn ein tragf\u00e4higes Projekt mit klaren Aufgaben, nachvollziehbaren Ergebnissen und einem sicheren \u00dcbergang in den Betrieb duchgef\u00fchrt werden soll<\/p><p>.<\/p>\t\t\t\t\t\t\t\t<\/div>\n\t\t\t\t<\/div>\n\t\t\t\t<\/div>\n\t\t\t\t<div class=\"elementor-element elementor-element-2338969 elementor-widget elementor-widget-heading\" data-id=\"2338969\" data-element_type=\"widget\" data-e-type=\"widget\" data-widget_type=\"heading.default\">\n\t\t\t\t\t<h2 class=\"elementor-heading-title elementor-size-default\">Unterst\u00fctzung entlang des Projektverlaufs<\/h2>\t\t\t\t<\/div>\n\t\t\t\t<div class=\"elementor-element elementor-element-a77a5cc elementor-widget elementor-widget-text-editor\" data-id=\"a77a5cc\" data-element_type=\"widget\" data-e-type=\"widget\" data-widget_type=\"text-editor.default\">\n\t\t\t\t\t\t\t\t\t<p>Der IT-Matchmaker\u00ae unterst\u00fctzt typische Aufgaben \u00fcber den gesamten Verlauf eines Business-Software-Projekts \u2014 von der ersten Kl\u00e4rung des Bedarfs bis zum stabilen Betrieb der neuen L\u00f6sung.<\/p>\t\t\t\t\t\t\t\t<\/div>\n\t\t\t\t<div class=\"elementor-element elementor-element-559b71f elementor-widget elementor-widget-heading\" data-id=\"559b71f\" data-element_type=\"widget\" data-e-type=\"widget\" data-widget_type=\"heading.default\">\n\t\t\t\t\t<h3 class=\"elementor-heading-title elementor-size-default\">Auswahl<\/h3>\t\t\t\t<\/div>\n\t\t\t\t<div class=\"elementor-element elementor-element-8c9bde3 elementor-icon-list--layout-traditional elementor-list-item-link-full_width elementor-widget elementor-widget-icon-list\" data-id=\"8c9bde3\" data-element_type=\"widget\" data-e-type=\"widget\" data-widget_type=\"icon-list.default\">\n\t\t\t\t\t\t\t<ul class=\"elementor-icon-list-items\">\n\t\t\t\t\t\t\t<li class=\"elementor-icon-list-item\">\n\t\t\t\t\t\t\t\t\t\t\t<span class=\"elementor-icon-list-icon\">\n\t\t\t\t\t\t\t<svg xmlns=\"http:\/\/www.w3.org\/2000\/svg\" viewBox=\"0 0 640 640\"><path d=\"M441.3 299.8C451.5 312.4 450.8 330.9 439.1 342.6L311.1 470.6C301.9 479.8 288.2 482.5 276.2 477.5C264.2 472.5 256.5 460.9 256.5 448L256.5 192C256.5 179.1 264.3 167.4 276.3 162.4C288.3 157.4 302 160.2 311.2 169.3L439.2 297.3L441.4 299.7z\"><\/path><\/svg>\t\t\t\t\t\t<\/span>\n\t\t\t\t\t\t\t\t\t\t<span class=\"elementor-icon-list-text\">Bedarf kl\u00e4ren<\/span>\n\t\t\t\t\t\t\t\t\t<\/li>\n\t\t\t\t\t\t\t\t<li class=\"elementor-icon-list-item\">\n\t\t\t\t\t\t\t\t\t\t\t<span class=\"elementor-icon-list-icon\">\n\t\t\t\t\t\t\t<svg xmlns=\"http:\/\/www.w3.org\/2000\/svg\" viewBox=\"0 0 640 640\"><path d=\"M441.3 299.8C451.5 312.4 450.8 330.9 439.1 342.6L311.1 470.6C301.9 479.8 288.2 482.5 276.2 477.5C264.2 472.5 256.5 460.9 256.5 448L256.5 192C256.5 179.1 264.3 167.4 276.3 162.4C288.3 157.4 302 160.2 311.2 169.3L439.2 297.3L441.4 299.7z\"><\/path><\/svg>\t\t\t\t\t\t<\/span>\n\t\t\t\t\t\t\t\t\t\t<span class=\"elementor-icon-list-text\">Markt eingrenzen<\/span>\n\t\t\t\t\t\t\t\t\t<\/li>\n\t\t\t\t\t\t\t\t<li class=\"elementor-icon-list-item\">\n\t\t\t\t\t\t\t\t\t\t\t<span class=\"elementor-icon-list-icon\">\n\t\t\t\t\t\t\t<svg xmlns=\"http:\/\/www.w3.org\/2000\/svg\" viewBox=\"0 0 640 640\"><path d=\"M441.3 299.8C451.5 312.4 450.8 330.9 439.1 342.6L311.1 470.6C301.9 479.8 288.2 482.5 276.2 477.5C264.2 472.5 256.5 460.9 256.5 448L256.5 192C256.5 179.1 264.3 167.4 276.3 162.4C288.3 157.4 302 160.2 311.2 169.3L439.2 297.3L441.4 299.7z\"><\/path><\/svg>\t\t\t\t\t\t<\/span>\n\t\t\t\t\t\t\t\t\t\t<span class=\"elementor-icon-list-text\">L\u00f6sung ausw\u00e4hlen<\/span>\n\t\t\t\t\t\t\t\t\t<\/li>\n\t\t\t\t\t\t<\/ul>\n\t\t\t\t\t\t<\/div>\n\t\t\t\t<div class=\"elementor-element elementor-element-01ed31d elementor-widget elementor-widget-heading\" data-id=\"01ed31d\" data-element_type=\"widget\" data-e-type=\"widget\" data-widget_type=\"heading.default\">\n\t\t\t\t\t<h3 class=\"elementor-heading-title elementor-size-default\">Implementierung<\/h3>\t\t\t\t<\/div>\n\t\t\t\t<div class=\"elementor-element elementor-element-cf4fdce elementor-icon-list--layout-traditional elementor-list-item-link-full_width elementor-widget elementor-widget-icon-list\" data-id=\"cf4fdce\" data-element_type=\"widget\" data-e-type=\"widget\" data-widget_type=\"icon-list.default\">\n\t\t\t\t\t\t\t<ul class=\"elementor-icon-list-items\">\n\t\t\t\t\t\t\t<li class=\"elementor-icon-list-item\">\n\t\t\t\t\t\t\t\t\t\t\t<span class=\"elementor-icon-list-icon\">\n\t\t\t\t\t\t\t<svg xmlns=\"http:\/\/www.w3.org\/2000\/svg\" viewBox=\"0 0 640 640\"><path d=\"M441.3 299.8C451.5 312.4 450.8 330.9 439.1 342.6L311.1 470.6C301.9 479.8 288.2 482.5 276.2 477.5C264.2 472.5 256.5 460.9 256.5 448L256.5 192C256.5 179.1 264.3 167.4 276.3 162.4C288.3 157.4 302 160.2 311.2 169.3L439.2 297.3L441.4 299.7z\"><\/path><\/svg>\t\t\t\t\t\t<\/span>\n\t\t\t\t\t\t\t\t\t\t<span class=\"elementor-icon-list-text\">Anforderungen und Prozesse konkretisieren<\/span>\n\t\t\t\t\t\t\t\t\t<\/li>\n\t\t\t\t\t\t\t\t<li class=\"elementor-icon-list-item\">\n\t\t\t\t\t\t\t\t\t\t\t<span class=\"elementor-icon-list-icon\">\n\t\t\t\t\t\t\t<svg xmlns=\"http:\/\/www.w3.org\/2000\/svg\" viewBox=\"0 0 640 640\"><path d=\"M441.3 299.8C451.5 312.4 450.8 330.9 439.1 342.6L311.1 470.6C301.9 479.8 288.2 482.5 276.2 477.5C264.2 472.5 256.5 460.9 256.5 448L256.5 192C256.5 179.1 264.3 167.4 276.3 162.4C288.3 157.4 302 160.2 311.2 169.3L439.2 297.3L441.4 299.7z\"><\/path><\/svg>\t\t\t\t\t\t<\/span>\n\t\t\t\t\t\t\t\t\t\t<span class=\"elementor-icon-list-text\">Projekt organisieren und managen<\/span>\n\t\t\t\t\t\t\t\t\t<\/li>\n\t\t\t\t\t\t\t\t<li class=\"elementor-icon-list-item\">\n\t\t\t\t\t\t\t\t\t\t\t<span class=\"elementor-icon-list-icon\">\n\t\t\t\t\t\t\t<svg xmlns=\"http:\/\/www.w3.org\/2000\/svg\" viewBox=\"0 0 640 640\"><path d=\"M441.3 299.8C451.5 312.4 450.8 330.9 439.1 342.6L311.1 470.6C301.9 479.8 288.2 482.5 276.2 477.5C264.2 472.5 256.5 460.9 256.5 448L256.5 192C256.5 179.1 264.3 167.4 276.3 162.4C288.3 157.4 302 160.2 311.2 169.3L439.2 297.3L441.4 299.7z\"><\/path><\/svg>\t\t\t\t\t\t<\/span>\n\t\t\t\t\t\t\t\t\t\t<span class=\"elementor-icon-list-text\">Daten migrieren<\/span>\n\t\t\t\t\t\t\t\t\t<\/li>\n\t\t\t\t\t\t\t\t<li class=\"elementor-icon-list-item\">\n\t\t\t\t\t\t\t\t\t\t\t<span class=\"elementor-icon-list-icon\">\n\t\t\t\t\t\t\t<svg xmlns=\"http:\/\/www.w3.org\/2000\/svg\" viewBox=\"0 0 640 640\"><path d=\"M441.3 299.8C451.5 312.4 450.8 330.9 439.1 342.6L311.1 470.6C301.9 479.8 288.2 482.5 276.2 477.5C264.2 472.5 256.5 460.9 256.5 448L256.5 192C256.5 179.1 264.3 167.4 276.3 162.4C288.3 157.4 302 160.2 311.2 169.3L439.2 297.3L441.4 299.7z\"><\/path><\/svg>\t\t\t\t\t\t<\/span>\n\t\t\t\t\t\t\t\t\t\t<span class=\"elementor-icon-list-text\">Change Management implementieren<\/span>\n\t\t\t\t\t\t\t\t\t<\/li>\n\t\t\t\t\t\t\t\t<li class=\"elementor-icon-list-item\">\n\t\t\t\t\t\t\t\t\t\t\t<span class=\"elementor-icon-list-icon\">\n\t\t\t\t\t\t\t<svg xmlns=\"http:\/\/www.w3.org\/2000\/svg\" viewBox=\"0 0 640 640\"><path d=\"M441.3 299.8C451.5 312.4 450.8 330.9 439.1 342.6L311.1 470.6C301.9 479.8 288.2 482.5 276.2 477.5C264.2 472.5 256.5 460.9 256.5 448L256.5 192C256.5 179.1 264.3 167.4 276.3 162.4C288.3 157.4 302 160.2 311.2 169.3L439.2 297.3L441.4 299.7z\"><\/path><\/svg>\t\t\t\t\t\t<\/span>\n\t\t\t\t\t\t\t\t\t\t<span class=\"elementor-icon-list-text\">Testing, Go-Live und Abnahme steuern<\/span>\n\t\t\t\t\t\t\t\t\t<\/li>\n\t\t\t\t\t\t<\/ul>\n\t\t\t\t\t\t<\/div>\n\t\t\t\t<div class=\"elementor-element elementor-element-dc2f85d elementor-widget elementor-widget-heading\" data-id=\"dc2f85d\" data-element_type=\"widget\" data-e-type=\"widget\" data-widget_type=\"heading.default\">\n\t\t\t\t\t<h2 class=\"elementor-heading-title elementor-size-default\">Starten Sie jetzt Ihr Projekt<\/h2>\t\t\t\t<\/div>\n\t\t\t\t<div class=\"elementor-element elementor-element-94c4cbf elementor-widget elementor-widget-text-editor\" data-id=\"94c4cbf\" data-element_type=\"widget\" data-e-type=\"widget\" data-widget_type=\"text-editor.default\">\n\t\t\t\t\t\t\t\t\t<p>Ob erste Orientierung, strukturierte Projektanfrage oder gezielte Marktrecherche: Der IT-Matchmaker\u00ae bietet den passenden Einstieg f\u00fcr die n\u00e4chsten Schritte in Ihrem Software-Projekt.<\/p>\t\t\t\t\t\t\t\t<\/div>\n\t\t<div class=\"elementor-element elementor-element-da45859 e-con-full e-flex e-con e-child\" data-id=\"da45859\" data-element_type=\"container\" data-e-type=\"container\">\n\t\t\t\t<div class=\"elementor-element elementor-element-311ba4b elementor-widget elementor-widget-button\" data-id=\"311ba4b\" data-element_type=\"widget\" data-e-type=\"widget\" data-widget_type=\"button.default\">\n\t\t\t\t\t\t\t\t\t\t<a class=\"elementor-button elementor-button-link elementor-size-sm\" href=\"https:\/\/www.it-matchmaker.com\">\n\t\t\t\t\t\t<span class=\"elementor-button-content-wrapper\">\n\t\t\t\t\t\t\t\t\t<span class=\"elementor-button-text\">Mit dem IT-Matchmaker starten<\/span>\n\t\t\t\t\t<\/span>\n\t\t\t\t\t<\/a>\n\t\t\t\t\t\t\t\t<\/div>\n\t\t\t\t<div class=\"elementor-element elementor-element-92247bc elementor-icon-list--layout-traditional elementor-list-item-link-full_width elementor-widget elementor-widget-icon-list\" data-id=\"92247bc\" data-element_type=\"widget\" data-e-type=\"widget\" data-widget_type=\"icon-list.default\">\n\t\t\t\t\t\t\t<ul class=\"elementor-icon-list-items\">\n\t\t\t\t\t\t\t<li class=\"elementor-icon-list-item\">\n\t\t\t\t\t\t\t\t\t\t\t<a href=\"https:\/\/www.it-matchmaker.com\/de\/software-suchen\/\">\n\n\t\t\t\t\t\t\t\t\t\t\t\t<span class=\"elementor-icon-list-icon\">\n\t\t\t\t\t\t\t<svg xmlns=\"http:\/\/www.w3.org\/2000\/svg\" viewBox=\"0 0 512 512\"><path d=\"M0 256a256 256 0 1 0 512 0A256 256 0 1 0 0 256zM297 385c-9.4 9.4-24.6 9.4-33.9 0s-9.4-24.6 0-33.9l71-71L120 280c-13.3 0-24-10.7-24-24s10.7-24 24-24l214.1 0-71-71c-9.4-9.4-9.4-24.6 0-33.9s24.6-9.4 33.9 0L409 239c9.4 9.4 9.4 24.6 0 33.9L297 385z\"><\/path><\/svg>\t\t\t\t\t\t<\/span>\n\t\t\t\t\t\t\t\t\t\t<span class=\"elementor-icon-list-text\">Zur Marktrecherche<\/span>\n\t\t\t\t\t\t\t\t\t\t\t<\/a>\n\t\t\t\t\t\t\t\t\t<\/li>\n\t\t\t\t\t\t<\/ul>\n\t\t\t\t\t\t<\/div>\n\t\t\t\t<\/div>\n\t\t\t\t\t<\/div>\n\t\t\t\t<\/section>\n\t\t\t\t<\/div>\n\t\t","protected":false},"excerpt":{"rendered":"<p>Was ist der IT-Matchmaker\u00ae? Die Plattform f\u00fcr Business-Software-Projekte \u2014 von der ersten Aufgabenstellung bis zum laufenden System mit speziell entwickelten kollaborativen Werkzeugen f\u00fcr den gesamten Lebenszyklus Ihres Business-Software-Projekts. Mit dem IT-Matchmaker starten Zur Marktrecherche Business-Software-Projekte sind mehr als eine Produktauswahl Wer Business Software ausw\u00e4hlt oder einf\u00fchrt, muss mehr kl\u00e4ren als nur Funktionen und Anbieter. Anforderungen [&hellip;]<\/p>\n","protected":false},"author":2,"featured_media":0,"parent":0,"menu_order":0,"comment_status":"closed","ping_status":"closed","template":"","meta":{"_acf_changed":false,"footnotes":""},"kurztitel_webinare":[],"class_list":["post-83123","page","type-page","status-publish","hentry"],"acf":[],"yoast_head":"<!-- This site is optimized with the Yoast SEO plugin v27.3 - https:\/\/yoast.com\/product\/yoast-seo-wordpress\/ -->\n<title>Was ist der IT-Matchmaker? | Plattform f\u00fcr Software-Projekte<\/title>\n<meta name=\"description\" content=\"Der IT-Matchmaker\u00ae unterst\u00fctzt Business-Software-Projekte von der ersten Aufgabenstellung bis zum laufenden System.\" \/>\n<meta name=\"robots\" content=\"index, follow, max-snippet:-1, max-image-preview:large, max-video-preview:-1\" \/>\n<link rel=\"canonical\" href=\"https:\/\/www.it-matchmaker.com\/itm\/\" \/>\n<meta property=\"og:locale\" content=\"de_DE\" \/>\n<meta property=\"og:type\" content=\"article\" \/>\n<meta property=\"og:title\" content=\"Was ist der IT-Matchmaker? | Plattform f\u00fcr Software-Projekte\" \/>\n<meta property=\"og:description\" content=\"Der IT-Matchmaker\u00ae unterst\u00fctzt Business-Software-Projekte von der ersten Aufgabenstellung bis zum laufenden System.\" \/>\n<meta property=\"og:url\" content=\"https:\/\/www.it-matchmaker.com\/itm\/\" \/>\n<meta property=\"og:site_name\" content=\"IT-Matchmaker\" \/>\n<meta property=\"article:modified_time\" content=\"2026-04-18T19:49:07+00:00\" \/>\n<meta name=\"twitter:card\" content=\"summary_large_image\" \/>\n<meta name=\"twitter:label1\" content=\"Gesch\u00e4tzte Lesezeit\" \/>\n\t<meta name=\"twitter:data1\" content=\"2\u00a0Minuten\" \/>\n<script type=\"application\/ld+json\" class=\"yoast-schema-graph\">{\"@context\":\"https:\\\/\\\/schema.org\",\"@graph\":[{\"@type\":\"WebPage\",\"@id\":\"https:\\\/\\\/www.it-matchmaker.com\\\/itm\\\/\",\"url\":\"https:\\\/\\\/www.it-matchmaker.com\\\/itm\\\/\",\"name\":\"Was ist der IT-Matchmaker? | Plattform f\u00fcr Software-Projekte\",\"isPartOf\":{\"@id\":\"https:\\\/\\\/www.it-matchmaker.com\\\/itm\\\/#website\"},\"datePublished\":\"2026-04-07T07:53:42+00:00\",\"dateModified\":\"2026-04-18T19:49:07+00:00\",\"description\":\"Der IT-Matchmaker\u00ae unterst\u00fctzt Business-Software-Projekte von der ersten Aufgabenstellung bis zum laufenden System.\",\"breadcrumb\":{\"@id\":\"https:\\\/\\\/www.it-matchmaker.com\\\/itm\\\/#breadcrumb\"},\"inLanguage\":\"de\",\"potentialAction\":[{\"@type\":\"ReadAction\",\"target\":[\"https:\\\/\\\/www.it-matchmaker.com\\\/itm\\\/\"]}]},{\"@type\":\"BreadcrumbList\",\"@id\":\"https:\\\/\\\/www.it-matchmaker.com\\\/itm\\\/#breadcrumb\",\"itemListElement\":[{\"@type\":\"ListItem\",\"position\":1,\"name\":\"Start\",\"item\":\"https:\\\/\\\/www.it-matchmaker.com\\\/itm\\\/\"},{\"@type\":\"ListItem\",\"position\":2,\"name\":\"Plattform\"}]},{\"@type\":\"WebSite\",\"@id\":\"https:\\\/\\\/www.it-matchmaker.com\\\/itm\\\/#website\",\"url\":\"https:\\\/\\\/www.it-matchmaker.com\\\/itm\\\/\",\"name\":\"IT-Matchmaker\",\"description\":\"Software-Projekte einfach sicher\",\"publisher\":{\"@id\":\"https:\\\/\\\/www.it-matchmaker.com\\\/itm\\\/#organization\"},\"potentialAction\":[{\"@type\":\"SearchAction\",\"target\":{\"@type\":\"EntryPoint\",\"urlTemplate\":\"https:\\\/\\\/www.it-matchmaker.com\\\/itm\\\/?s={search_term_string}\"},\"query-input\":{\"@type\":\"PropertyValueSpecification\",\"valueRequired\":true,\"valueName\":\"search_term_string\"}}],\"inLanguage\":\"de\"},{\"@type\":\"Organization\",\"@id\":\"https:\\\/\\\/www.it-matchmaker.com\\\/itm\\\/#organization\",\"name\":\"IT-Matchmaker\",\"url\":\"https:\\\/\\\/www.it-matchmaker.com\\\/itm\\\/\",\"logo\":{\"@type\":\"ImageObject\",\"inLanguage\":\"de\",\"@id\":\"https:\\\/\\\/www.it-matchmaker.com\\\/itm\\\/#\\\/schema\\\/logo\\\/image\\\/\",\"url\":\"\",\"contentUrl\":\"\",\"caption\":\"IT-Matchmaker\"},\"image\":{\"@id\":\"https:\\\/\\\/www.it-matchmaker.com\\\/itm\\\/#\\\/schema\\\/logo\\\/image\\\/\"}}]}<\/script>\n<!-- \/ Yoast SEO plugin. -->","yoast_head_json":{"title":"Was ist der IT-Matchmaker? | Plattform f\u00fcr Software-Projekte","description":"Der IT-Matchmaker\u00ae unterst\u00fctzt Business-Software-Projekte von der ersten Aufgabenstellung bis zum laufenden System.","robots":{"index":"index","follow":"follow","max-snippet":"max-snippet:-1","max-image-preview":"max-image-preview:large","max-video-preview":"max-video-preview:-1"},"canonical":"https:\/\/www.it-matchmaker.com\/itm\/","og_locale":"de_DE","og_type":"article","og_title":"Was ist der IT-Matchmaker? | Plattform f\u00fcr Software-Projekte","og_description":"Der IT-Matchmaker\u00ae unterst\u00fctzt Business-Software-Projekte von der ersten Aufgabenstellung bis zum laufenden System.","og_url":"https:\/\/www.it-matchmaker.com\/itm\/","og_site_name":"IT-Matchmaker","article_modified_time":"2026-04-18T19:49:07+00:00","twitter_card":"summary_large_image","twitter_misc":{"Gesch\u00e4tzte Lesezeit":"2\u00a0Minuten"},"schema":{"@context":"https:\/\/schema.org","@graph":[{"@type":"WebPage","@id":"https:\/\/www.it-matchmaker.com\/itm\/","url":"https:\/\/www.it-matchmaker.com\/itm\/","name":"Was ist der IT-Matchmaker? | Plattform f\u00fcr Software-Projekte","isPartOf":{"@id":"https:\/\/www.it-matchmaker.com\/itm\/#website"},"datePublished":"2026-04-07T07:53:42+00:00","dateModified":"2026-04-18T19:49:07+00:00","description":"Der IT-Matchmaker\u00ae unterst\u00fctzt Business-Software-Projekte von der ersten Aufgabenstellung bis zum laufenden System.","breadcrumb":{"@id":"https:\/\/www.it-matchmaker.com\/itm\/#breadcrumb"},"inLanguage":"de","potentialAction":[{"@type":"ReadAction","target":["https:\/\/www.it-matchmaker.com\/itm\/"]}]},{"@type":"BreadcrumbList","@id":"https:\/\/www.it-matchmaker.com\/itm\/#breadcrumb","itemListElement":[{"@type":"ListItem","position":1,"name":"Start","item":"https:\/\/www.it-matchmaker.com\/itm\/"},{"@type":"ListItem","position":2,"name":"Plattform"}]},{"@type":"WebSite","@id":"https:\/\/www.it-matchmaker.com\/itm\/#website","url":"https:\/\/www.it-matchmaker.com\/itm\/","name":"IT-Matchmaker","description":"Software-Projekte einfach sicher","publisher":{"@id":"https:\/\/www.it-matchmaker.com\/itm\/#organization"},"potentialAction":[{"@type":"SearchAction","target":{"@type":"EntryPoint","urlTemplate":"https:\/\/www.it-matchmaker.com\/itm\/?s={search_term_string}"},"query-input":{"@type":"PropertyValueSpecification","valueRequired":true,"valueName":"search_term_string"}}],"inLanguage":"de"},{"@type":"Organization","@id":"https:\/\/www.it-matchmaker.com\/itm\/#organization","name":"IT-Matchmaker","url":"https:\/\/www.it-matchmaker.com\/itm\/","logo":{"@type":"ImageObject","inLanguage":"de","@id":"https:\/\/www.it-matchmaker.com\/itm\/#\/schema\/logo\/image\/","url":"","contentUrl":"","caption":"IT-Matchmaker"},"image":{"@id":"https:\/\/www.it-matchmaker.com\/itm\/#\/schema\/logo\/image\/"}}]}},"_links":{"self":[{"href":"https:\/\/www.it-matchmaker.com\/itm\/wp-json\/wp\/v2\/pages\/83123","targetHints":{"allow":["GET"]}}],"collection":[{"href":"https:\/\/www.it-matchmaker.com\/itm\/wp-json\/wp\/v2\/pages"}],"about":[{"href":"https:\/\/www.it-matchmaker.com\/itm\/wp-json\/wp\/v2\/types\/page"}],"author":[{"embeddable":true,"href":"https:\/\/www.it-matchmaker.com\/itm\/wp-json\/wp\/v2\/users\/2"}],"replies":[{"embeddable":true,"href":"https:\/\/www.it-matchmaker.com\/itm\/wp-json\/wp\/v2\/comments?post=83123"}],"version-history":[{"count":20,"href":"https:\/\/www.it-matchmaker.com\/itm\/wp-json\/wp\/v2\/pages\/83123\/revisions"}],"predecessor-version":[{"id":83644,"href":"https:\/\/www.it-matchmaker.com\/itm\/wp-json\/wp\/v2\/pages\/83123\/revisions\/83644"}],"wp:attachment":[{"href":"https:\/\/www.it-matchmaker.com\/itm\/wp-json\/wp\/v2\/media?parent=83123"}],"wp:term":[{"taxonomy":"kurztitel_webinare","embeddable":true,"href":"https:\/\/www.it-matchmaker.com\/itm\/wp-json\/wp\/v2\/kurztitel_webinare?post=83123"}],"curies":[{"name":"wp","href":"https:\/\/api.w.org\/{rel}","templated":true}]}}