{"id":83067,"date":"2026-04-05T00:09:00","date_gmt":"2026-04-04T22:09:00","guid":{"rendered":"https:\/\/www.it-matchmaker.com\/itm\/?page_id=83067"},"modified":"2026-04-19T23:07:53","modified_gmt":"2026-04-19T21:07:53","slug":"werbemoeglichkeiten","status":"publish","type":"page","link":"https:\/\/www.it-matchmaker.com\/itm\/fuer-anbieter\/werbemoeglichkeiten\/","title":{"rendered":"Werbem\u00f6glichkeiten"},"content":{"rendered":"\t\t<div data-elementor-type=\"wp-page\" data-elementor-id=\"83067\" class=\"elementor elementor-83067\" data-elementor-post-type=\"page\">\n\t\t\t\t<section class=\"elementor-element elementor-element-ccc6873 e-flex e-con-boxed e-con e-parent\" data-id=\"ccc6873\" data-element_type=\"container\" data-e-type=\"container\">\n\t\t\t\t\t<div class=\"e-con-inner\">\n\t\t<div class=\"elementor-element elementor-element-3ac40e2 e-con-full e-flex e-con e-child\" data-id=\"3ac40e2\" data-element_type=\"container\" data-e-type=\"container\">\n\t\t\t\t<div class=\"elementor-element elementor-element-cc45eb7 elementor-widget elementor-widget-heading\" data-id=\"cc45eb7\" data-element_type=\"widget\" data-e-type=\"widget\" data-widget_type=\"heading.default\">\n\t\t\t\t\t<h1 class=\"elementor-heading-title elementor-size-default\">Werbem\u00f6glichkeiten f\u00fcr Anbieter<\/h1>\t\t\t\t<\/div>\n\t\t\t\t<div class=\"elementor-element elementor-element-33e96ac elementor-widget elementor-widget-text-editor\" data-id=\"33e96ac\" data-element_type=\"widget\" data-e-type=\"widget\" data-widget_type=\"text-editor.default\">\n\t\t\t\t\t\t\t\t\t<p>Wenn Sie Ihre Sichtbarkeit gezielt ausbauen m\u00f6chten, stehen Ihnen daf\u00fcr unterschiedliche M\u00f6glichkeiten zur Verf\u00fcgung. \u00dcber unsere Promotion-Pakete erh\u00f6hen Sie Ihre Pr\u00e4senz direkt im \u00f6ffentlichen Bereich des IT-Matchmaker\u00ae. Andere Formate erweitern Ihre Reichweite \u00fcber erg\u00e4nzende Medien- und Kommunikationsformate.<\/p>\t\t\t\t\t\t\t\t<\/div>\n\t\t<div class=\"elementor-element elementor-element-9352ae0 e-con-full e-flex e-con e-child\" data-id=\"9352ae0\" data-element_type=\"container\" data-e-type=\"container\">\n\t\t\t\t<div class=\"elementor-element elementor-element-781f0f2 elementor-widget elementor-widget-downloadcenter-button\" data-id=\"781f0f2\" data-element_type=\"widget\" data-e-type=\"widget\" data-widget_type=\"downloadcenter-button.default\">\n\t\t\t\t\t\t\t<a style=\"background-color:var(--e-global-color-e89e718)\" class=\"elementor-button elementor-button-link elementor-size-sm\" target=\"_blank\" href=\"\/itm\/wp-content\/plugins\/trovarit_homepage_admin\/get_article.php?articleID=1658\">\r\n\t\t<span class=\"elementor-button-content-wrapper\">\r\n\t\t\t<span class=\"elementor-button-icon\"><i aria-hidden=\"true\" class=\"fas fa-lock-open\"><\/i><\/span>\t\t\t<span class=\"elementor-button-text\">Download Mediadaten<\/span>\r\n\t\t<\/span>\r\n\t\t<\/a>\r\n\t\t\t\t\t\t<\/div>\n\t\t\t\t<div class=\"elementor-element elementor-element-ccd61e0 elementor-widget elementor-widget-button\" data-id=\"ccd61e0\" data-element_type=\"widget\" data-e-type=\"widget\" data-widget_type=\"button.default\">\n\t\t\t\t\t\t\t\t\t\t<a class=\"elementor-button elementor-button-link elementor-size-sm\" href=\"#elementor-action%3Aaction%3Dpopup%3Aopen%26settings%3DeyJpZCI6IjgzODQ5IiwidG9nZ2xlIjpmYWxzZX0%3D\" target=\"_blank\">\n\t\t\t\t\t\t<span class=\"elementor-button-content-wrapper\">\n\t\t\t\t\t\t\t\t\t<span class=\"elementor-button-text\">Kontakt<\/span>\n\t\t\t\t\t<\/span>\n\t\t\t\t\t<\/a>\n\t\t\t\t\t\t\t\t<\/div>\n\t\t\t\t<\/div>\n\t\t\t\t<\/div>\n\t\t<div class=\"elementor-element elementor-element-68064d1 e-con-full e-flex e-con e-child\" data-id=\"68064d1\" data-element_type=\"container\" data-e-type=\"container\" data-settings=\"{&quot;background_background&quot;:&quot;classic&quot;}\">\n\t\t\t\t<div class=\"elementor-element elementor-element-09b0248 elementor-widget elementor-widget-image\" data-id=\"09b0248\" data-element_type=\"widget\" data-e-type=\"widget\" data-widget_type=\"image.default\">\n\t\t\t\t\t\t\t\t\t\t\t\t\t\t\t<img fetchpriority=\"high\" decoding=\"async\" width=\"800\" height=\"777\" src=\"https:\/\/www.it-matchmaker.com\/itm\/wp-content\/uploads\/2026\/04\/mediadaten.jpg\" class=\"attachment-large size-large wp-image-83094\" alt=\"Werbem\u00f6glichkeiten IT-Matchmaker &amp; IT-Matchmaker.medien\" srcset=\"https:\/\/www.it-matchmaker.com\/itm\/wp-content\/uploads\/2026\/04\/mediadaten.jpg 824w, https:\/\/www.it-matchmaker.com\/itm\/wp-content\/uploads\/2026\/04\/mediadaten-300x291.jpg 300w, https:\/\/www.it-matchmaker.com\/itm\/wp-content\/uploads\/2026\/04\/mediadaten-768x746.jpg 768w\" sizes=\"(max-width: 800px) 100vw, 800px\" \/>\t\t\t\t\t\t\t\t\t\t\t\t\t\t\t<\/div>\n\t\t\t\t<\/div>\n\t\t\t\t\t<\/div>\n\t\t\t\t<\/section>\n\t\t<section class=\"elementor-element elementor-element-8946b44 header-invert e-flex e-con-boxed e-con e-parent\" data-id=\"8946b44\" data-element_type=\"container\" data-e-type=\"container\" data-settings=\"{&quot;background_background&quot;:&quot;classic&quot;}\">\n\t\t\t\t\t<div class=\"e-con-inner\">\n\t\t\t\t<div class=\"elementor-element elementor-element-3c090b1 elementor-widget elementor-widget-heading\" data-id=\"3c090b1\" data-element_type=\"widget\" data-e-type=\"widget\" data-widget_type=\"heading.default\">\n\t\t\t\t\t<h2 class=\"elementor-heading-title elementor-size-default\">Zus\u00e4tzliche Reichweite \u00fcber IT-Matchmaker.<i>medien<\/i><\/h2>\t\t\t\t<\/div>\n\t\t\t\t<div class=\"elementor-element elementor-element-d9c43dc elementor-widget elementor-widget-text-editor\" data-id=\"d9c43dc\" data-element_type=\"widget\" data-e-type=\"widget\" data-widget_type=\"text-editor.default\">\n\t\t\t\t\t\t\t\t\t<p>Neben der Sichtbarkeit auf dem IT-Matchmaker\u00ae k\u00f6nnen Sie Ihre Reichweite auch \u00fcber erg\u00e4nzende Medienformate ausbauen. Diese Angebote geh\u00f6ren nicht zur eigentlichen Plattformdarstellung, sondern erweitern Ihre Pr\u00e4senz \u00fcber redaktionelle Umfelder.<\/p>\t\t\t\t\t\t\t\t<\/div>\n\t\t<div class=\"elementor-element elementor-element-3f3bceb e-con-full e-flex e-con e-child\" data-id=\"3f3bceb\" data-element_type=\"container\" data-e-type=\"container\">\n\t\t<div class=\"elementor-element elementor-element-4a217ae e-con-full e-flex e-con e-child\" data-id=\"4a217ae\" data-element_type=\"container\" data-e-type=\"container\" data-settings=\"{&quot;background_background&quot;:&quot;classic&quot;}\">\n\t\t\t\t<div class=\"elementor-element elementor-element-d275980 elementor-widget elementor-widget-heading\" data-id=\"d275980\" data-element_type=\"widget\" data-e-type=\"widget\" data-widget_type=\"heading.default\">\n\t\t\t\t\t<h2 class=\"elementor-heading-title elementor-size-default\">Promotion Pakete<\/h2>\t\t\t\t<\/div>\n\t\t\t\t<div class=\"elementor-element elementor-element-a7743dd elementor-widget elementor-widget-text-editor\" data-id=\"a7743dd\" data-element_type=\"widget\" data-e-type=\"widget\" data-widget_type=\"text-editor.default\">\n\t\t\t\t\t\t\t\t\t<p>Mit unseren Promotion-Paketen erh\u00f6hen Sie die Sichtbarkeit Ihrer L\u00f6sungen im \u00f6ffentlichen Bereich des IT-Matchmaker\u00ae und der Themenportale.<\/p>\t\t\t\t\t\t\t\t<\/div>\n\t\t\t\t<div class=\"elementor-element elementor-element-5f3c687 elementor-icon-list--layout-traditional elementor-list-item-link-full_width elementor-widget elementor-widget-icon-list\" data-id=\"5f3c687\" data-element_type=\"widget\" data-e-type=\"widget\" data-widget_type=\"icon-list.default\">\n\t\t\t\t\t\t\t<ul class=\"elementor-icon-list-items\">\n\t\t\t\t\t\t\t<li class=\"elementor-icon-list-item\">\n\t\t\t\t\t\t\t\t\t\t\t<a href=\"https:\/\/www.it-matchmaker.com\/itm\/fuer-anbieter\/werbemoeglichkeiten\/promotion-pakete\/\">\n\n\t\t\t\t\t\t\t\t\t\t\t\t<span class=\"elementor-icon-list-icon\">\n\t\t\t\t\t\t\t<svg xmlns=\"http:\/\/www.w3.org\/2000\/svg\" viewBox=\"0 0 512 512\"><path d=\"M0 256a256 256 0 1 0 512 0A256 256 0 1 0 0 256zM297 385c-9.4 9.4-24.6 9.4-33.9 0s-9.4-24.6 0-33.9l71-71L120 280c-13.3 0-24-10.7-24-24s10.7-24 24-24l214.1 0-71-71c-9.4-9.4-9.4-24.6 0-33.9s24.6-9.4 33.9 0L409 239c9.4 9.4 9.4 24.6 0 33.9L297 385z\"><\/path><\/svg>\t\t\t\t\t\t<\/span>\n\t\t\t\t\t\t\t\t\t\t<span class=\"elementor-icon-list-text\">Mehr zu Promotion-Paketen<\/span>\n\t\t\t\t\t\t\t\t\t\t\t<\/a>\n\t\t\t\t\t\t\t\t\t<\/li>\n\t\t\t\t\t\t<\/ul>\n\t\t\t\t\t\t<\/div>\n\t\t\t\t<\/div>\n\t\t<div class=\"elementor-element elementor-element-046fe91 e-con-full e-flex e-con e-child\" data-id=\"046fe91\" data-element_type=\"container\" data-e-type=\"container\" data-settings=\"{&quot;background_background&quot;:&quot;classic&quot;}\">\n\t\t\t\t<div class=\"elementor-element elementor-element-b58aa74 elementor-widget elementor-widget-heading\" data-id=\"b58aa74\" data-element_type=\"widget\" data-e-type=\"widget\" data-widget_type=\"heading.default\">\n\t\t\t\t\t<p class=\"elementor-heading-title elementor-size-default\">Business Guides<\/p>\t\t\t\t<\/div>\n\t\t\t\t<div class=\"elementor-element elementor-element-f3ca736 elementor-widget elementor-widget-text-editor\" data-id=\"f3ca736\" data-element_type=\"widget\" data-e-type=\"widget\" data-widget_type=\"text-editor.default\">\n\t\t\t\t\t\t\t\t\t<p>Die IT-Matchmaker\u00ae Business Guides sind als Standardreferenzen rund um die Software-M\u00e4rkte f\u00fcr ERP, MES, CRM sowie f\u00fcr die Partner-Landschaften von SAP und Microsoft Dynamics gut etabliert.<\/p>\t\t\t\t\t\t\t\t<\/div>\n\t\t\t\t<div class=\"elementor-element elementor-element-dd6593e elementor-icon-list--layout-traditional elementor-list-item-link-full_width elementor-widget elementor-widget-icon-list\" data-id=\"dd6593e\" data-element_type=\"widget\" data-e-type=\"widget\" data-widget_type=\"icon-list.default\">\n\t\t\t\t\t\t\t<ul class=\"elementor-icon-list-items\">\n\t\t\t\t\t\t\t<li class=\"elementor-icon-list-item\">\n\t\t\t\t\t\t\t\t\t\t\t<a href=\"https:\/\/www.it-matchmaker.com\/itm\/fuer-anbieter\/werbemoeglichkeiten\/business-guides-fuer-anbieter\/\">\n\n\t\t\t\t\t\t\t\t\t\t\t\t<span class=\"elementor-icon-list-icon\">\n\t\t\t\t\t\t\t<svg xmlns=\"http:\/\/www.w3.org\/2000\/svg\" viewBox=\"0 0 512 512\"><path d=\"M0 256a256 256 0 1 0 512 0A256 256 0 1 0 0 256zM297 385c-9.4 9.4-24.6 9.4-33.9 0s-9.4-24.6 0-33.9l71-71L120 280c-13.3 0-24-10.7-24-24s10.7-24 24-24l214.1 0-71-71c-9.4-9.4-9.4-24.6 0-33.9s24.6-9.4 33.9 0L409 239c9.4 9.4 9.4 24.6 0 33.9L297 385z\"><\/path><\/svg>\t\t\t\t\t\t<\/span>\n\t\t\t\t\t\t\t\t\t\t<span class=\"elementor-icon-list-text\">Platzierungsm\u00f6glichkeiten Business Guides<\/span>\n\t\t\t\t\t\t\t\t\t\t\t<\/a>\n\t\t\t\t\t\t\t\t\t<\/li>\n\t\t\t\t\t\t<\/ul>\n\t\t\t\t\t\t<\/div>\n\t\t\t\t<\/div>\n\t\t\t\t<\/div>\n\t\t<div class=\"elementor-element elementor-element-4dfc6c5 e-con-full e-flex e-con e-child\" data-id=\"4dfc6c5\" data-element_type=\"container\" data-e-type=\"container\">\n\t\t<div class=\"elementor-element elementor-element-ef4d582 e-con-full e-flex e-con e-child\" data-id=\"ef4d582\" data-element_type=\"container\" data-e-type=\"container\" data-settings=\"{&quot;background_background&quot;:&quot;classic&quot;}\">\n\t\t\t\t<div class=\"elementor-element elementor-element-2077880 elementor-widget elementor-widget-heading\" data-id=\"2077880\" data-element_type=\"widget\" data-e-type=\"widget\" data-widget_type=\"heading.default\">\n\t\t\t\t\t<h2 class=\"elementor-heading-title elementor-size-default\">IT-Matchmaker.<i>news<\/i><\/h2>\t\t\t\t<\/div>\n\t\t\t\t<div class=\"elementor-element elementor-element-1d7eb70 elementor-widget elementor-widget-text-editor\" data-id=\"1d7eb70\" data-element_type=\"widget\" data-e-type=\"widget\" data-widget_type=\"text-editor.default\">\n\t\t\t\t\t\t\t\t\t<p>Unser 14-t\u00e4giger Newsletter erreicht rund 35.000 Abonnenten in meist deutschen Unternehmen. Das perfekte Format, um Ihre Webinare und Events zu bewerben.\u00a0<\/p>\t\t\t\t\t\t\t\t<\/div>\n\t\t\t\t<div class=\"elementor-element elementor-element-f47e850 elementor-icon-list--layout-traditional elementor-list-item-link-full_width elementor-widget elementor-widget-icon-list\" data-id=\"f47e850\" data-element_type=\"widget\" data-e-type=\"widget\" data-widget_type=\"icon-list.default\">\n\t\t\t\t\t\t\t<ul class=\"elementor-icon-list-items\">\n\t\t\t\t\t\t\t<li class=\"elementor-icon-list-item\">\n\t\t\t\t\t\t\t\t\t\t\t<a href=\"https:\/\/www.it-matchmaker.com\/itm\/fuer-anbieter\/werbemoeglichkeiten\/newsletter\">\n\n\t\t\t\t\t\t\t\t\t\t\t\t<span class=\"elementor-icon-list-icon\">\n\t\t\t\t\t\t\t<svg xmlns=\"http:\/\/www.w3.org\/2000\/svg\" viewBox=\"0 0 512 512\"><path d=\"M0 256a256 256 0 1 0 512 0A256 256 0 1 0 0 256zM297 385c-9.4 9.4-24.6 9.4-33.9 0s-9.4-24.6 0-33.9l71-71L120 280c-13.3 0-24-10.7-24-24s10.7-24 24-24l214.1 0-71-71c-9.4-9.4-9.4-24.6 0-33.9s24.6-9.4 33.9 0L409 239c9.4 9.4 9.4 24.6 0 33.9L297 385z\"><\/path><\/svg>\t\t\t\t\t\t<\/span>\n\t\t\t\t\t\t\t\t\t\t<span class=\"elementor-icon-list-text\">Platzierungsm\u00f6glichkeiten Newsletter<\/span>\n\t\t\t\t\t\t\t\t\t\t\t<\/a>\n\t\t\t\t\t\t\t\t\t<\/li>\n\t\t\t\t\t\t<\/ul>\n\t\t\t\t\t\t<\/div>\n\t\t\t\t<\/div>\n\t\t\t\t<\/div>\n\t\t\t\t\t<\/div>\n\t\t\t\t<\/section>\n\t\t\t\t<\/div>\n\t\t","protected":false},"excerpt":{"rendered":"<p>Werbem\u00f6glichkeiten f\u00fcr Anbieter Wenn Sie Ihre Sichtbarkeit gezielt ausbauen m\u00f6chten, stehen Ihnen daf\u00fcr unterschiedliche M\u00f6glichkeiten zur Verf\u00fcgung. \u00dcber unsere Promotion-Pakete erh\u00f6hen Sie Ihre Pr\u00e4senz direkt im \u00f6ffentlichen Bereich des IT-Matchmaker\u00ae. Andere Formate erweitern Ihre Reichweite \u00fcber erg\u00e4nzende Medien- und Kommunikationsformate. Download Mediadaten Kontakt Zus\u00e4tzliche Reichweite \u00fcber IT-Matchmaker.medien Neben der Sichtbarkeit auf dem IT-Matchmaker\u00ae k\u00f6nnen Sie [&hellip;]<\/p>\n","protected":false},"author":2,"featured_media":0,"parent":317,"menu_order":0,"comment_status":"closed","ping_status":"closed","template":"","meta":{"_acf_changed":false,"footnotes":""},"kurztitel_webinare":[],"class_list":["post-83067","page","type-page","status-publish","hentry"],"acf":[],"yoast_head":"<!-- This site is optimized with the Yoast SEO plugin v27.3 - https:\/\/yoast.com\/product\/yoast-seo-wordpress\/ -->\n<title>Werbem\u00f6glichkeiten f\u00fcr Anbieter im IT-Matchmaker\u00ae<\/title>\n<meta name=\"description\" content=\"Werbem\u00f6glichkeiten f\u00fcr Anbieter: erh\u00f6hen Sie Ihre Sichtbarkeit auf dem IT-Matchmaker\u00ae und vergr\u00f6\u00dfern Sie Ihre Reichweite.\" \/>\n<meta name=\"robots\" content=\"index, follow, max-snippet:-1, max-image-preview:large, max-video-preview:-1\" \/>\n<link rel=\"canonical\" href=\"https:\/\/www.it-matchmaker.com\/itm\/fuer-anbieter\/werbemoeglichkeiten\/\" \/>\n<meta property=\"og:locale\" content=\"de_DE\" \/>\n<meta property=\"og:type\" content=\"article\" \/>\n<meta property=\"og:title\" content=\"Werbem\u00f6glichkeiten f\u00fcr Anbieter im IT-Matchmaker\u00ae\" \/>\n<meta property=\"og:description\" content=\"Werbem\u00f6glichkeiten f\u00fcr Anbieter: erh\u00f6hen Sie Ihre Sichtbarkeit auf dem IT-Matchmaker\u00ae und vergr\u00f6\u00dfern Sie Ihre Reichweite.\" \/>\n<meta property=\"og:url\" content=\"https:\/\/www.it-matchmaker.com\/itm\/fuer-anbieter\/werbemoeglichkeiten\/\" \/>\n<meta property=\"og:site_name\" content=\"IT-Matchmaker\" \/>\n<meta property=\"article:modified_time\" content=\"2026-04-19T21:07:53+00:00\" \/>\n<meta property=\"og:image\" content=\"https:\/\/www.it-matchmaker.com\/itm\/wp-content\/uploads\/2026\/04\/mediadaten.jpg\" \/>\n\t<meta property=\"og:image:width\" content=\"824\" \/>\n\t<meta property=\"og:image:height\" content=\"800\" \/>\n\t<meta property=\"og:image:type\" content=\"image\/jpeg\" \/>\n<meta name=\"twitter:card\" content=\"summary_large_image\" \/>\n<meta name=\"twitter:label1\" content=\"Gesch\u00e4tzte Lesezeit\" \/>\n\t<meta name=\"twitter:data1\" content=\"1\u00a0Minute\" \/>\n<script type=\"application\/ld+json\" class=\"yoast-schema-graph\">{\"@context\":\"https:\\\/\\\/schema.org\",\"@graph\":[{\"@type\":\"WebPage\",\"@id\":\"https:\\\/\\\/www.it-matchmaker.com\\\/itm\\\/fuer-anbieter\\\/werbemoeglichkeiten\\\/\",\"url\":\"https:\\\/\\\/www.it-matchmaker.com\\\/itm\\\/fuer-anbieter\\\/werbemoeglichkeiten\\\/\",\"name\":\"Werbem\u00f6glichkeiten f\u00fcr Anbieter im IT-Matchmaker\u00ae\",\"isPartOf\":{\"@id\":\"https:\\\/\\\/www.it-matchmaker.com\\\/itm\\\/#website\"},\"primaryImageOfPage\":{\"@id\":\"https:\\\/\\\/www.it-matchmaker.com\\\/itm\\\/fuer-anbieter\\\/werbemoeglichkeiten\\\/#primaryimage\"},\"image\":{\"@id\":\"https:\\\/\\\/www.it-matchmaker.com\\\/itm\\\/fuer-anbieter\\\/werbemoeglichkeiten\\\/#primaryimage\"},\"thumbnailUrl\":\"https:\\\/\\\/www.it-matchmaker.com\\\/itm\\\/wp-content\\\/uploads\\\/2026\\\/04\\\/mediadaten.jpg\",\"datePublished\":\"2026-04-04T22:09:00+00:00\",\"dateModified\":\"2026-04-19T21:07:53+00:00\",\"description\":\"Werbem\u00f6glichkeiten f\u00fcr Anbieter: erh\u00f6hen Sie Ihre Sichtbarkeit auf dem IT-Matchmaker\u00ae und vergr\u00f6\u00dfern Sie Ihre Reichweite.\",\"breadcrumb\":{\"@id\":\"https:\\\/\\\/www.it-matchmaker.com\\\/itm\\\/fuer-anbieter\\\/werbemoeglichkeiten\\\/#breadcrumb\"},\"inLanguage\":\"de\",\"potentialAction\":[{\"@type\":\"ReadAction\",\"target\":[\"https:\\\/\\\/www.it-matchmaker.com\\\/itm\\\/fuer-anbieter\\\/werbemoeglichkeiten\\\/\"]}]},{\"@type\":\"ImageObject\",\"inLanguage\":\"de\",\"@id\":\"https:\\\/\\\/www.it-matchmaker.com\\\/itm\\\/fuer-anbieter\\\/werbemoeglichkeiten\\\/#primaryimage\",\"url\":\"https:\\\/\\\/www.it-matchmaker.com\\\/itm\\\/wp-content\\\/uploads\\\/2026\\\/04\\\/mediadaten.jpg\",\"contentUrl\":\"https:\\\/\\\/www.it-matchmaker.com\\\/itm\\\/wp-content\\\/uploads\\\/2026\\\/04\\\/mediadaten.jpg\",\"width\":824,\"height\":800,\"caption\":\"Werbem\u00f6glichkeiten IT-Matchmaker & IT-Matchmaker.medien\"},{\"@type\":\"BreadcrumbList\",\"@id\":\"https:\\\/\\\/www.it-matchmaker.com\\\/itm\\\/fuer-anbieter\\\/werbemoeglichkeiten\\\/#breadcrumb\",\"itemListElement\":[{\"@type\":\"ListItem\",\"position\":1,\"name\":\"Start\",\"item\":\"https:\\\/\\\/www.it-matchmaker.com\\\/itm\\\/\"},{\"@type\":\"ListItem\",\"position\":2,\"name\":\"F\u00fcr Anbieter\",\"item\":\"https:\\\/\\\/www.it-matchmaker.com\\\/itm\\\/fuer-anbieter\\\/\"},{\"@type\":\"ListItem\",\"position\":3,\"name\":\"Werbem\u00f6glichkeiten\"}]},{\"@type\":\"WebSite\",\"@id\":\"https:\\\/\\\/www.it-matchmaker.com\\\/itm\\\/#website\",\"url\":\"https:\\\/\\\/www.it-matchmaker.com\\\/itm\\\/\",\"name\":\"IT-Matchmaker\",\"description\":\"Software-Projekte einfach sicher\",\"publisher\":{\"@id\":\"https:\\\/\\\/www.it-matchmaker.com\\\/itm\\\/#organization\"},\"potentialAction\":[{\"@type\":\"SearchAction\",\"target\":{\"@type\":\"EntryPoint\",\"urlTemplate\":\"https:\\\/\\\/www.it-matchmaker.com\\\/itm\\\/?s={search_term_string}\"},\"query-input\":{\"@type\":\"PropertyValueSpecification\",\"valueRequired\":true,\"valueName\":\"search_term_string\"}}],\"inLanguage\":\"de\"},{\"@type\":\"Organization\",\"@id\":\"https:\\\/\\\/www.it-matchmaker.com\\\/itm\\\/#organization\",\"name\":\"IT-Matchmaker\",\"url\":\"https:\\\/\\\/www.it-matchmaker.com\\\/itm\\\/\",\"logo\":{\"@type\":\"ImageObject\",\"inLanguage\":\"de\",\"@id\":\"https:\\\/\\\/www.it-matchmaker.com\\\/itm\\\/#\\\/schema\\\/logo\\\/image\\\/\",\"url\":\"\",\"contentUrl\":\"\",\"caption\":\"IT-Matchmaker\"},\"image\":{\"@id\":\"https:\\\/\\\/www.it-matchmaker.com\\\/itm\\\/#\\\/schema\\\/logo\\\/image\\\/\"}}]}<\/script>\n<!-- \/ Yoast SEO plugin. -->","yoast_head_json":{"title":"Werbem\u00f6glichkeiten f\u00fcr Anbieter im IT-Matchmaker\u00ae","description":"Werbem\u00f6glichkeiten f\u00fcr Anbieter: erh\u00f6hen Sie Ihre Sichtbarkeit auf dem IT-Matchmaker\u00ae und vergr\u00f6\u00dfern Sie Ihre Reichweite.","robots":{"index":"index","follow":"follow","max-snippet":"max-snippet:-1","max-image-preview":"max-image-preview:large","max-video-preview":"max-video-preview:-1"},"canonical":"https:\/\/www.it-matchmaker.com\/itm\/fuer-anbieter\/werbemoeglichkeiten\/","og_locale":"de_DE","og_type":"article","og_title":"Werbem\u00f6glichkeiten f\u00fcr Anbieter im IT-Matchmaker\u00ae","og_description":"Werbem\u00f6glichkeiten f\u00fcr Anbieter: erh\u00f6hen Sie Ihre Sichtbarkeit auf dem IT-Matchmaker\u00ae und vergr\u00f6\u00dfern Sie Ihre Reichweite.","og_url":"https:\/\/www.it-matchmaker.com\/itm\/fuer-anbieter\/werbemoeglichkeiten\/","og_site_name":"IT-Matchmaker","article_modified_time":"2026-04-19T21:07:53+00:00","og_image":[{"width":824,"height":800,"url":"https:\/\/www.it-matchmaker.com\/itm\/wp-content\/uploads\/2026\/04\/mediadaten.jpg","type":"image\/jpeg"}],"twitter_card":"summary_large_image","twitter_misc":{"Gesch\u00e4tzte Lesezeit":"1\u00a0Minute"},"schema":{"@context":"https:\/\/schema.org","@graph":[{"@type":"WebPage","@id":"https:\/\/www.it-matchmaker.com\/itm\/fuer-anbieter\/werbemoeglichkeiten\/","url":"https:\/\/www.it-matchmaker.com\/itm\/fuer-anbieter\/werbemoeglichkeiten\/","name":"Werbem\u00f6glichkeiten f\u00fcr Anbieter im IT-Matchmaker\u00ae","isPartOf":{"@id":"https:\/\/www.it-matchmaker.com\/itm\/#website"},"primaryImageOfPage":{"@id":"https:\/\/www.it-matchmaker.com\/itm\/fuer-anbieter\/werbemoeglichkeiten\/#primaryimage"},"image":{"@id":"https:\/\/www.it-matchmaker.com\/itm\/fuer-anbieter\/werbemoeglichkeiten\/#primaryimage"},"thumbnailUrl":"https:\/\/www.it-matchmaker.com\/itm\/wp-content\/uploads\/2026\/04\/mediadaten.jpg","datePublished":"2026-04-04T22:09:00+00:00","dateModified":"2026-04-19T21:07:53+00:00","description":"Werbem\u00f6glichkeiten f\u00fcr Anbieter: erh\u00f6hen Sie Ihre Sichtbarkeit auf dem IT-Matchmaker\u00ae und vergr\u00f6\u00dfern Sie Ihre Reichweite.","breadcrumb":{"@id":"https:\/\/www.it-matchmaker.com\/itm\/fuer-anbieter\/werbemoeglichkeiten\/#breadcrumb"},"inLanguage":"de","potentialAction":[{"@type":"ReadAction","target":["https:\/\/www.it-matchmaker.com\/itm\/fuer-anbieter\/werbemoeglichkeiten\/"]}]},{"@type":"ImageObject","inLanguage":"de","@id":"https:\/\/www.it-matchmaker.com\/itm\/fuer-anbieter\/werbemoeglichkeiten\/#primaryimage","url":"https:\/\/www.it-matchmaker.com\/itm\/wp-content\/uploads\/2026\/04\/mediadaten.jpg","contentUrl":"https:\/\/www.it-matchmaker.com\/itm\/wp-content\/uploads\/2026\/04\/mediadaten.jpg","width":824,"height":800,"caption":"Werbem\u00f6glichkeiten IT-Matchmaker & IT-Matchmaker.medien"},{"@type":"BreadcrumbList","@id":"https:\/\/www.it-matchmaker.com\/itm\/fuer-anbieter\/werbemoeglichkeiten\/#breadcrumb","itemListElement":[{"@type":"ListItem","position":1,"name":"Start","item":"https:\/\/www.it-matchmaker.com\/itm\/"},{"@type":"ListItem","position":2,"name":"F\u00fcr Anbieter","item":"https:\/\/www.it-matchmaker.com\/itm\/fuer-anbieter\/"},{"@type":"ListItem","position":3,"name":"Werbem\u00f6glichkeiten"}]},{"@type":"WebSite","@id":"https:\/\/www.it-matchmaker.com\/itm\/#website","url":"https:\/\/www.it-matchmaker.com\/itm\/","name":"IT-Matchmaker","description":"Software-Projekte einfach sicher","publisher":{"@id":"https:\/\/www.it-matchmaker.com\/itm\/#organization"},"potentialAction":[{"@type":"SearchAction","target":{"@type":"EntryPoint","urlTemplate":"https:\/\/www.it-matchmaker.com\/itm\/?s={search_term_string}"},"query-input":{"@type":"PropertyValueSpecification","valueRequired":true,"valueName":"search_term_string"}}],"inLanguage":"de"},{"@type":"Organization","@id":"https:\/\/www.it-matchmaker.com\/itm\/#organization","name":"IT-Matchmaker","url":"https:\/\/www.it-matchmaker.com\/itm\/","logo":{"@type":"ImageObject","inLanguage":"de","@id":"https:\/\/www.it-matchmaker.com\/itm\/#\/schema\/logo\/image\/","url":"","contentUrl":"","caption":"IT-Matchmaker"},"image":{"@id":"https:\/\/www.it-matchmaker.com\/itm\/#\/schema\/logo\/image\/"}}]}},"_links":{"self":[{"href":"https:\/\/www.it-matchmaker.com\/itm\/wp-json\/wp\/v2\/pages\/83067","targetHints":{"allow":["GET"]}}],"collection":[{"href":"https:\/\/www.it-matchmaker.com\/itm\/wp-json\/wp\/v2\/pages"}],"about":[{"href":"https:\/\/www.it-matchmaker.com\/itm\/wp-json\/wp\/v2\/types\/page"}],"author":[{"embeddable":true,"href":"https:\/\/www.it-matchmaker.com\/itm\/wp-json\/wp\/v2\/users\/2"}],"replies":[{"embeddable":true,"href":"https:\/\/www.it-matchmaker.com\/itm\/wp-json\/wp\/v2\/comments?post=83067"}],"version-history":[{"count":35,"href":"https:\/\/www.it-matchmaker.com\/itm\/wp-json\/wp\/v2\/pages\/83067\/revisions"}],"predecessor-version":[{"id":83893,"href":"https:\/\/www.it-matchmaker.com\/itm\/wp-json\/wp\/v2\/pages\/83067\/revisions\/83893"}],"up":[{"embeddable":true,"href":"https:\/\/www.it-matchmaker.com\/itm\/wp-json\/wp\/v2\/pages\/317"}],"wp:attachment":[{"href":"https:\/\/www.it-matchmaker.com\/itm\/wp-json\/wp\/v2\/media?parent=83067"}],"wp:term":[{"taxonomy":"kurztitel_webinare","embeddable":true,"href":"https:\/\/www.it-matchmaker.com\/itm\/wp-json\/wp\/v2\/kurztitel_webinare?post=83067"}],"curies":[{"name":"wp","href":"https:\/\/api.w.org\/{rel}","templated":true}]}}