{"id":83028,"date":"2026-04-04T16:04:30","date_gmt":"2026-04-04T14:04:30","guid":{"rendered":"https:\/\/www.it-matchmaker.com\/itm\/?page_id=83028"},"modified":"2026-04-19T23:32:24","modified_gmt":"2026-04-19T21:32:24","slug":"ausschreibungen","status":"publish","type":"page","link":"https:\/\/www.it-matchmaker.com\/itm\/fuer-anbieter\/ausschreibungen\/","title":{"rendered":"Ausschreibungen"},"content":{"rendered":"\t\t<div data-elementor-type=\"wp-page\" data-elementor-id=\"83028\" class=\"elementor elementor-83028\" data-elementor-post-type=\"page\">\n\t\t\t\t<section class=\"elementor-element elementor-element-c56fe65 e-flex e-con-boxed e-con e-parent\" data-id=\"c56fe65\" data-element_type=\"container\" data-e-type=\"container\">\n\t\t\t\t\t<div class=\"e-con-inner\">\n\t\t<div class=\"elementor-element elementor-element-892f132 e-con-full e-flex e-con e-child\" data-id=\"892f132\" data-element_type=\"container\" data-e-type=\"container\">\n\t\t\t\t<div class=\"elementor-element elementor-element-d7ec759 elementor-widget elementor-widget-heading\" data-id=\"d7ec759\" data-element_type=\"widget\" data-e-type=\"widget\" data-widget_type=\"heading.default\">\n\t\t\t\t\t<h2 class=\"elementor-heading-title elementor-size-default\">Ausschreibungen \u2013 wenn Ihre L\u00f6sung in die engere Wahl kommt<\/h2>\t\t\t\t<\/div>\n\t\t\t\t<div class=\"elementor-element elementor-element-1eb59ee elementor-widget elementor-widget-text-editor\" data-id=\"1eb59ee\" data-element_type=\"widget\" data-e-type=\"widget\" data-widget_type=\"text-editor.default\">\n\t\t\t\t\t\t\t\t\t<p>\u00dcber den IT-Matchmaker\u00ae versenden Anwenderunternehmen Ausschreibungen an Anbieter, deren L\u00f6sungen zuvor f\u00fcr die engere Auswahl qualifiziert wurden. Voraussetzung daf\u00fcr ist, dass Ihr Unternehmen und Ihre L\u00f6sung im IT-Matchmaker\u00ae gelistet sind. Ausschreibungen gehen direkt in Ihrem pers\u00f6nlichen IT-Matchmaker-Account ein und k\u00f6nnen dort strukturiert bearbeitet werden.<\/p>\t\t\t\t\t\t\t\t<\/div>\n\t\t\t\t<div class=\"elementor-element elementor-element-67ff040 elementor-widget elementor-widget-button\" data-id=\"67ff040\" data-element_type=\"widget\" data-e-type=\"widget\" data-widget_type=\"button.default\">\n\t\t\t\t\t\t\t\t\t\t<a class=\"elementor-button elementor-button-link elementor-size-sm\" href=\"https:\/\/www.it-matchmaker.com\/itm\/fuer-anbieter\/preise-lizenzen\">\n\t\t\t\t\t\t<span class=\"elementor-button-content-wrapper\">\n\t\t\t\t\t\t\t\t\t<span class=\"elementor-button-text\">Preise &amp; Lizenzen<\/span>\n\t\t\t\t\t<\/span>\n\t\t\t\t\t<\/a>\n\t\t\t\t\t\t\t\t<\/div>\n\t\t\t\t<div class=\"elementor-element elementor-element-4f3d3bd elementor-icon-list--layout-traditional elementor-list-item-link-full_width elementor-widget elementor-widget-icon-list\" data-id=\"4f3d3bd\" data-element_type=\"widget\" data-e-type=\"widget\" data-widget_type=\"icon-list.default\">\n\t\t\t\t\t\t\t<ul class=\"elementor-icon-list-items\">\n\t\t\t\t\t\t\t<li class=\"elementor-icon-list-item\">\n\t\t\t\t\t\t\t\t\t\t\t<a href=\"https:\/\/www.it-matchmaker.com\/itm\/fuer-anbieter\/leadkauf\">\n\n\t\t\t\t\t\t\t\t\t\t\t\t<span class=\"elementor-icon-list-icon\">\n\t\t\t\t\t\t\t<svg xmlns=\"http:\/\/www.w3.org\/2000\/svg\" viewBox=\"0 0 512 512\"><path d=\"M0 256a256 256 0 1 0 512 0A256 256 0 1 0 0 256zM297 385c-9.4 9.4-24.6 9.4-33.9 0s-9.4-24.6 0-33.9l71-71L120 280c-13.3 0-24-10.7-24-24s10.7-24 24-24l214.1 0-71-71c-9.4-9.4-9.4-24.6 0-33.9s24.6-9.4 33.9 0L409 239c9.4 9.4 9.4 24.6 0 33.9L297 385z\"><\/path><\/svg>\t\t\t\t\t\t<\/span>\n\t\t\t\t\t\t\t\t\t\t<span class=\"elementor-icon-list-text\">smartRFI \/ Projektanfragen<\/span>\n\t\t\t\t\t\t\t\t\t\t\t<\/a>\n\t\t\t\t\t\t\t\t\t<\/li>\n\t\t\t\t\t\t\t\t<li class=\"elementor-icon-list-item\">\n\t\t\t\t\t\t\t\t\t\t\t<a href=\"#elementor-action%3Aaction%3Dpopup%3Aopen%26settings%3DeyJpZCI6IjgzODQ0IiwidG9nZ2xlIjpmYWxzZX0%3D\">\n\n\t\t\t\t\t\t\t\t\t\t\t\t<span class=\"elementor-icon-list-icon\">\n\t\t\t\t\t\t\t<svg xmlns=\"http:\/\/www.w3.org\/2000\/svg\" viewBox=\"0 0 512 512\"><path d=\"M0 256a256 256 0 1 0 512 0A256 256 0 1 0 0 256zM297 385c-9.4 9.4-24.6 9.4-33.9 0s-9.4-24.6 0-33.9l71-71L120 280c-13.3 0-24-10.7-24-24s10.7-24 24-24l214.1 0-71-71c-9.4-9.4-9.4-24.6 0-33.9s24.6-9.4 33.9 0L409 239c9.4 9.4 9.4 24.6 0 33.9L297 385z\"><\/path><\/svg>\t\t\t\t\t\t<\/span>\n\t\t\t\t\t\t\t\t\t\t<span class=\"elementor-icon-list-text\">Kontakt<\/span>\n\t\t\t\t\t\t\t\t\t\t\t<\/a>\n\t\t\t\t\t\t\t\t\t<\/li>\n\t\t\t\t\t\t<\/ul>\n\t\t\t\t\t\t<\/div>\n\t\t\t\t<\/div>\n\t\t<div class=\"elementor-element elementor-element-c5409da e-con-full elementor-hidden-mobile e-flex e-con e-child\" data-id=\"c5409da\" data-element_type=\"container\" data-e-type=\"container\">\n\t\t\t\t<div class=\"elementor-element elementor-element-460cfdc elementor-widget elementor-widget-image\" data-id=\"460cfdc\" data-element_type=\"widget\" data-e-type=\"widget\" data-widget_type=\"image.default\">\n\t\t\t\t\t\t\t\t\t\t\t\t\t\t\t<img fetchpriority=\"high\" decoding=\"async\" width=\"800\" height=\"958\" src=\"https:\/\/www.it-matchmaker.com\/itm\/wp-content\/uploads\/2026\/04\/it-matchmaker-ausschreibung.jpg\" class=\"attachment-large size-large wp-image-83048\" alt=\"Bearbeitung von Ausschreibungen \u00fcber IT-Matchmaker\" srcset=\"https:\/\/www.it-matchmaker.com\/itm\/wp-content\/uploads\/2026\/04\/it-matchmaker-ausschreibung.jpg 800w, https:\/\/www.it-matchmaker.com\/itm\/wp-content\/uploads\/2026\/04\/it-matchmaker-ausschreibung-251x300.jpg 251w, https:\/\/www.it-matchmaker.com\/itm\/wp-content\/uploads\/2026\/04\/it-matchmaker-ausschreibung-768x920.jpg 768w\" sizes=\"(max-width: 800px) 100vw, 800px\" \/>\t\t\t\t\t\t\t\t\t\t\t\t\t\t\t<\/div>\n\t\t\t\t<\/div>\n\t\t\t\t\t<\/div>\n\t\t\t\t<\/section>\n\t\t<section class=\"elementor-element elementor-element-c5ee651 header-invert helle-sektion e-flex e-con-boxed e-con e-parent\" data-id=\"c5ee651\" data-element_type=\"container\" data-e-type=\"container\" data-settings=\"{&quot;background_background&quot;:&quot;classic&quot;}\">\n\t\t\t\t\t<div class=\"e-con-inner\">\n\t\t\t\t<div class=\"elementor-element elementor-element-67c9040 elementor-widget elementor-widget-heading\" data-id=\"67c9040\" data-element_type=\"widget\" data-e-type=\"widget\" data-widget_type=\"heading.default\">\n\t\t\t\t\t<h2 class=\"elementor-heading-title elementor-size-default\">So funktionieren Ausschreibungen f\u00fcr Anbieter<\/h2>\t\t\t\t<\/div>\n\t\t\t\t<div class=\"elementor-element elementor-element-62dc0f5 elementor-widget elementor-widget-text-editor\" data-id=\"62dc0f5\" data-element_type=\"widget\" data-e-type=\"widget\" data-widget_type=\"text-editor.default\">\n\t\t\t\t\t\t\t\t\t<p>Sie werden zu einer Ausschreibung eingeladen, wenn Ihre L\u00f6sung in einem konkreten Auswahlprojekt bereits zur engeren Auswahl geh\u00f6rt. In dieser Phase sind Anforderungen, Lastenheft und Anbieterkreis bereits so weit konkretisiert, dass Sie Ihre R\u00fcckmeldung gezielt auf das Projekt ausrichten k\u00f6nnen.<\/p>\t\t\t\t\t\t\t\t<\/div>\n\t\t\t\t<div class=\"elementor-element elementor-element-3516265 elementor-widget elementor-widget-heading\" data-id=\"3516265\" data-element_type=\"widget\" data-e-type=\"widget\" data-widget_type=\"heading.default\">\n\t\t\t\t\t<h3 class=\"elementor-heading-title elementor-size-default\">Individuelles Lastenheft als Grundlage<\/h3>\t\t\t\t<\/div>\n\t\t\t\t<div class=\"elementor-element elementor-element-6aeeba8 elementor-widget elementor-widget-text-editor\" data-id=\"6aeeba8\" data-element_type=\"widget\" data-e-type=\"widget\" data-widget_type=\"text-editor.default\">\n\t\t\t\t\t\t\t\t\t<p>Die Ausschreibung basiert auf dem individuellen Lastenheft des Anwenderunternehmens. Es bildet die Grundlage daf\u00fcr, dass Sie Ihre L\u00f6sungsvorschl\u00e4ge und Richtpreise gezielt auf den konkreten Bedarf ausrichten k\u00f6nnen.<\/p>\t\t\t\t\t\t\t\t<\/div>\n\t\t\t\t<div class=\"elementor-element elementor-element-7661a8d elementor-widget elementor-widget-text-editor\" data-id=\"7661a8d\" data-element_type=\"widget\" data-e-type=\"widget\" data-widget_type=\"text-editor.default\">\n\t\t\t\t\t\t\t\t\t<p>Neue Ausschreibungen gehen direkt in Ihren pers\u00f6nlichen IT-Matchmaker-Account ein. Dort rufen Sie die Informationen zum Unternehmen und zum Projekt ab und bearbeiten Ihre R\u00fcckmeldung strukturiert \u00fcber die Plattform.<\/p>\t\t\t\t\t\t\t\t<\/div>\n\t\t\t\t<div class=\"elementor-element elementor-element-b054cdb elementor-widget elementor-widget-heading\" data-id=\"b054cdb\" data-element_type=\"widget\" data-e-type=\"widget\" data-widget_type=\"heading.default\">\n\t\t\t\t\t<h3 class=\"elementor-heading-title elementor-size-default\">Strukturierte Bearbeitung im Account<\/h3>\t\t\t\t<\/div>\n\t\t\t\t<div class=\"elementor-element elementor-element-699dd5e elementor-widget elementor-widget-heading\" data-id=\"699dd5e\" data-element_type=\"widget\" data-e-type=\"widget\" data-widget_type=\"heading.default\">\n\t\t\t\t\t<h2 class=\"elementor-heading-title elementor-size-default\">Was Ausschreibungen von Projektanfragen unterscheidet<\/h2>\t\t\t\t<\/div>\n\t\t\t\t<div class=\"elementor-element elementor-element-ddf3798 elementor-widget elementor-widget-text-editor\" data-id=\"ddf3798\" data-element_type=\"widget\" data-e-type=\"widget\" data-widget_type=\"text-editor.default\">\n\t\t\t\t\t\t\t\t\t<p>Projektanfragen und Ausschreibungen bauen aufeinander auf, unterscheiden sich aber in ihrer Rolle im Auswahlprozess.<\/p>\t\t\t\t\t\t\t\t<\/div>\n\t\t<div class=\"elementor-element elementor-element-ea9dbd0 e-con-full e-flex e-con e-child\" data-id=\"ea9dbd0\" data-element_type=\"container\" data-e-type=\"container\">\n\t\t<div class=\"elementor-element elementor-element-d6f95cb e-con-full e-flex e-con e-child\" data-id=\"d6f95cb\" data-element_type=\"container\" data-e-type=\"container\" data-settings=\"{&quot;background_background&quot;:&quot;classic&quot;}\">\n\t\t\t\t<div class=\"elementor-element elementor-element-c54567c elementor-widget elementor-widget-heading\" data-id=\"c54567c\" data-element_type=\"widget\" data-e-type=\"widget\" data-widget_type=\"heading.default\">\n\t\t\t\t\t<p class=\"elementor-heading-title elementor-size-default\">Projektanfragen - Leads<\/p>\t\t\t\t<\/div>\n\t\t\t\t<div class=\"elementor-element elementor-element-f8a4796 elementor-widget elementor-widget-text-editor\" data-id=\"f8a4796\" data-element_type=\"widget\" data-e-type=\"widget\" data-widget_type=\"text-editor.default\">\n\t\t\t\t\t\t\t\t\t<p>Projektanfragen kommen fr\u00fcher im Prozess zum Einsatz. Sie helfen Anwenderunternehmen dabei, passende Anbieter zu identifizieren, erste R\u00fcckmeldungen einzuholen und den Anbieterkreis einzugrenzen.<\/p>\t\t\t\t\t\t\t\t<\/div>\n\t\t\t\t<\/div>\n\t\t<div class=\"elementor-element elementor-element-d350375 e-con-full e-flex e-con e-child\" data-id=\"d350375\" data-element_type=\"container\" data-e-type=\"container\" data-settings=\"{&quot;background_background&quot;:&quot;classic&quot;}\">\n\t\t\t\t<div class=\"elementor-element elementor-element-ff14eba elementor-widget elementor-widget-heading\" data-id=\"ff14eba\" data-element_type=\"widget\" data-e-type=\"widget\" data-widget_type=\"heading.default\">\n\t\t\t\t\t<p class=\"elementor-heading-title elementor-size-default\">Ausschreibungen - Verkaufschancen<\/p>\t\t\t\t<\/div>\n\t\t\t\t<div class=\"elementor-element elementor-element-7fcee00 elementor-widget elementor-widget-text-editor\" data-id=\"7fcee00\" data-element_type=\"widget\" data-e-type=\"widget\" data-widget_type=\"text-editor.default\">\n\t\t\t\t\t\t\t\t\t<p>Ausschreibungen folgen auf diese Vorauswahl. Sie werden an Anbieter in der engeren Auswahl versendet und basieren auf einem konkreten Lastenheft.<\/p>\t\t\t\t\t\t\t\t<\/div>\n\t\t\t\t<\/div>\n\t\t\t\t<\/div>\n\t\t\t\t<div class=\"elementor-element elementor-element-b4a9e16 elementor-widget elementor-widget-heading\" data-id=\"b4a9e16\" data-element_type=\"widget\" data-e-type=\"widget\" data-widget_type=\"heading.default\">\n\t\t\t\t\t<h2 class=\"elementor-heading-title elementor-size-default\">Sie haben Fragen zu Ausschreibungen auf dem IT-Matchmaker&reg;?<\/h2>\t\t\t\t<\/div>\n\t\t\t\t<div class=\"elementor-element elementor-element-0c210af elementor-widget elementor-widget-text-editor\" data-id=\"0c210af\" data-element_type=\"widget\" data-e-type=\"widget\" data-widget_type=\"text-editor.default\">\n\t\t\t\t\t\t\t\t\t<p>Nehmen Sie Kontakt mit uns auf!<\/p>\t\t\t\t\t\t\t\t<\/div>\n\t\t\t\t<div class=\"elementor-element elementor-element-8d24604 elementor-widget elementor-widget-button\" data-id=\"8d24604\" data-element_type=\"widget\" data-e-type=\"widget\" data-widget_type=\"button.default\">\n\t\t\t\t\t\t\t\t\t\t<a class=\"elementor-button elementor-button-link elementor-size-sm\" href=\"#elementor-action%3Aaction%3Dpopup%3Aopen%26settings%3DeyJpZCI6IjgzODQ0IiwidG9nZ2xlIjpmYWxzZX0%3D\">\n\t\t\t\t\t\t<span class=\"elementor-button-content-wrapper\">\n\t\t\t\t\t\t\t\t\t<span class=\"elementor-button-text\">Kontakt<\/span>\n\t\t\t\t\t<\/span>\n\t\t\t\t\t<\/a>\n\t\t\t\t\t\t\t\t<\/div>\n\t\t\t\t\t<\/div>\n\t\t\t\t<\/section>\n\t\t\t\t<\/div>\n\t\t","protected":false},"excerpt":{"rendered":"<p>Ausschreibungen \u2013 wenn Ihre L\u00f6sung in die engere Wahl kommt \u00dcber den IT-Matchmaker\u00ae versenden Anwenderunternehmen Ausschreibungen an Anbieter, deren L\u00f6sungen zuvor f\u00fcr die engere Auswahl qualifiziert wurden. Voraussetzung daf\u00fcr ist, dass Ihr Unternehmen und Ihre L\u00f6sung im IT-Matchmaker\u00ae gelistet sind. Ausschreibungen gehen direkt in Ihrem pers\u00f6nlichen IT-Matchmaker-Account ein und k\u00f6nnen dort strukturiert bearbeitet werden. Preise [&hellip;]<\/p>\n","protected":false},"author":2,"featured_media":0,"parent":317,"menu_order":0,"comment_status":"closed","ping_status":"closed","template":"","meta":{"_acf_changed":false,"footnotes":""},"kurztitel_webinare":[],"class_list":["post-83028","page","type-page","status-publish","hentry"],"acf":[],"yoast_head":"<!-- This site is optimized with the Yoast SEO plugin v27.3 - https:\/\/yoast.com\/product\/yoast-seo-wordpress\/ -->\n<title>Ausschreibungen - IT-Matchmaker<\/title>\n<meta name=\"robots\" content=\"index, follow, max-snippet:-1, max-image-preview:large, max-video-preview:-1\" \/>\n<link rel=\"canonical\" href=\"https:\/\/www.it-matchmaker.com\/itm\/fuer-anbieter\/ausschreibungen\/\" \/>\n<meta property=\"og:locale\" content=\"de_DE\" \/>\n<meta property=\"og:type\" content=\"article\" \/>\n<meta property=\"og:title\" content=\"Ausschreibungen - IT-Matchmaker\" \/>\n<meta property=\"og:description\" content=\"Ausschreibungen \u2013 wenn Ihre L\u00f6sung in die engere Wahl kommt \u00dcber den IT-Matchmaker\u00ae versenden Anwenderunternehmen Ausschreibungen an Anbieter, deren L\u00f6sungen zuvor f\u00fcr die engere Auswahl qualifiziert wurden. Voraussetzung daf\u00fcr ist, dass Ihr Unternehmen und Ihre L\u00f6sung im IT-Matchmaker\u00ae gelistet sind. Ausschreibungen gehen direkt in Ihrem pers\u00f6nlichen IT-Matchmaker-Account ein und k\u00f6nnen dort strukturiert bearbeitet werden. Preise [&hellip;]\" \/>\n<meta property=\"og:url\" content=\"https:\/\/www.it-matchmaker.com\/itm\/fuer-anbieter\/ausschreibungen\/\" \/>\n<meta property=\"og:site_name\" content=\"IT-Matchmaker\" \/>\n<meta property=\"article:modified_time\" content=\"2026-04-19T21:32:24+00:00\" \/>\n<meta property=\"og:image\" content=\"https:\/\/www.it-matchmaker.com\/itm\/wp-content\/uploads\/2026\/04\/it-matchmaker-ausschreibung.jpg\" \/>\n\t<meta property=\"og:image:width\" content=\"800\" \/>\n\t<meta property=\"og:image:height\" content=\"958\" \/>\n\t<meta property=\"og:image:type\" content=\"image\/jpeg\" \/>\n<meta name=\"twitter:card\" content=\"summary_large_image\" \/>\n<meta name=\"twitter:label1\" content=\"Gesch\u00e4tzte Lesezeit\" \/>\n\t<meta name=\"twitter:data1\" content=\"2\u00a0Minuten\" \/>\n<script type=\"application\/ld+json\" class=\"yoast-schema-graph\">{\"@context\":\"https:\\\/\\\/schema.org\",\"@graph\":[{\"@type\":\"WebPage\",\"@id\":\"https:\\\/\\\/www.it-matchmaker.com\\\/itm\\\/fuer-anbieter\\\/ausschreibungen\\\/\",\"url\":\"https:\\\/\\\/www.it-matchmaker.com\\\/itm\\\/fuer-anbieter\\\/ausschreibungen\\\/\",\"name\":\"Ausschreibungen - IT-Matchmaker\",\"isPartOf\":{\"@id\":\"https:\\\/\\\/www.it-matchmaker.com\\\/itm\\\/#website\"},\"primaryImageOfPage\":{\"@id\":\"https:\\\/\\\/www.it-matchmaker.com\\\/itm\\\/fuer-anbieter\\\/ausschreibungen\\\/#primaryimage\"},\"image\":{\"@id\":\"https:\\\/\\\/www.it-matchmaker.com\\\/itm\\\/fuer-anbieter\\\/ausschreibungen\\\/#primaryimage\"},\"thumbnailUrl\":\"https:\\\/\\\/www.it-matchmaker.com\\\/itm\\\/wp-content\\\/uploads\\\/2026\\\/04\\\/it-matchmaker-ausschreibung.jpg\",\"datePublished\":\"2026-04-04T14:04:30+00:00\",\"dateModified\":\"2026-04-19T21:32:24+00:00\",\"breadcrumb\":{\"@id\":\"https:\\\/\\\/www.it-matchmaker.com\\\/itm\\\/fuer-anbieter\\\/ausschreibungen\\\/#breadcrumb\"},\"inLanguage\":\"de\",\"potentialAction\":[{\"@type\":\"ReadAction\",\"target\":[\"https:\\\/\\\/www.it-matchmaker.com\\\/itm\\\/fuer-anbieter\\\/ausschreibungen\\\/\"]}]},{\"@type\":\"ImageObject\",\"inLanguage\":\"de\",\"@id\":\"https:\\\/\\\/www.it-matchmaker.com\\\/itm\\\/fuer-anbieter\\\/ausschreibungen\\\/#primaryimage\",\"url\":\"https:\\\/\\\/www.it-matchmaker.com\\\/itm\\\/wp-content\\\/uploads\\\/2026\\\/04\\\/it-matchmaker-ausschreibung.jpg\",\"contentUrl\":\"https:\\\/\\\/www.it-matchmaker.com\\\/itm\\\/wp-content\\\/uploads\\\/2026\\\/04\\\/it-matchmaker-ausschreibung.jpg\",\"width\":800,\"height\":958,\"caption\":\"Bearbeitung von Ausschreibungen \u00fcber IT-Matchmaker\"},{\"@type\":\"BreadcrumbList\",\"@id\":\"https:\\\/\\\/www.it-matchmaker.com\\\/itm\\\/fuer-anbieter\\\/ausschreibungen\\\/#breadcrumb\",\"itemListElement\":[{\"@type\":\"ListItem\",\"position\":1,\"name\":\"Start\",\"item\":\"https:\\\/\\\/www.it-matchmaker.com\\\/itm\\\/\"},{\"@type\":\"ListItem\",\"position\":2,\"name\":\"F\u00fcr Anbieter\",\"item\":\"https:\\\/\\\/www.it-matchmaker.com\\\/itm\\\/fuer-anbieter\\\/\"},{\"@type\":\"ListItem\",\"position\":3,\"name\":\"Ausschreibungen\"}]},{\"@type\":\"WebSite\",\"@id\":\"https:\\\/\\\/www.it-matchmaker.com\\\/itm\\\/#website\",\"url\":\"https:\\\/\\\/www.it-matchmaker.com\\\/itm\\\/\",\"name\":\"IT-Matchmaker\",\"description\":\"Software-Projekte einfach sicher\",\"publisher\":{\"@id\":\"https:\\\/\\\/www.it-matchmaker.com\\\/itm\\\/#organization\"},\"potentialAction\":[{\"@type\":\"SearchAction\",\"target\":{\"@type\":\"EntryPoint\",\"urlTemplate\":\"https:\\\/\\\/www.it-matchmaker.com\\\/itm\\\/?s={search_term_string}\"},\"query-input\":{\"@type\":\"PropertyValueSpecification\",\"valueRequired\":true,\"valueName\":\"search_term_string\"}}],\"inLanguage\":\"de\"},{\"@type\":\"Organization\",\"@id\":\"https:\\\/\\\/www.it-matchmaker.com\\\/itm\\\/#organization\",\"name\":\"IT-Matchmaker\",\"url\":\"https:\\\/\\\/www.it-matchmaker.com\\\/itm\\\/\",\"logo\":{\"@type\":\"ImageObject\",\"inLanguage\":\"de\",\"@id\":\"https:\\\/\\\/www.it-matchmaker.com\\\/itm\\\/#\\\/schema\\\/logo\\\/image\\\/\",\"url\":\"\",\"contentUrl\":\"\",\"caption\":\"IT-Matchmaker\"},\"image\":{\"@id\":\"https:\\\/\\\/www.it-matchmaker.com\\\/itm\\\/#\\\/schema\\\/logo\\\/image\\\/\"}}]}<\/script>\n<!-- \/ Yoast SEO plugin. -->","yoast_head_json":{"title":"Ausschreibungen - IT-Matchmaker","robots":{"index":"index","follow":"follow","max-snippet":"max-snippet:-1","max-image-preview":"max-image-preview:large","max-video-preview":"max-video-preview:-1"},"canonical":"https:\/\/www.it-matchmaker.com\/itm\/fuer-anbieter\/ausschreibungen\/","og_locale":"de_DE","og_type":"article","og_title":"Ausschreibungen - IT-Matchmaker","og_description":"Ausschreibungen \u2013 wenn Ihre L\u00f6sung in die engere Wahl kommt \u00dcber den IT-Matchmaker\u00ae versenden Anwenderunternehmen Ausschreibungen an Anbieter, deren L\u00f6sungen zuvor f\u00fcr die engere Auswahl qualifiziert wurden. Voraussetzung daf\u00fcr ist, dass Ihr Unternehmen und Ihre L\u00f6sung im IT-Matchmaker\u00ae gelistet sind. Ausschreibungen gehen direkt in Ihrem pers\u00f6nlichen IT-Matchmaker-Account ein und k\u00f6nnen dort strukturiert bearbeitet werden. Preise [&hellip;]","og_url":"https:\/\/www.it-matchmaker.com\/itm\/fuer-anbieter\/ausschreibungen\/","og_site_name":"IT-Matchmaker","article_modified_time":"2026-04-19T21:32:24+00:00","og_image":[{"width":800,"height":958,"url":"https:\/\/www.it-matchmaker.com\/itm\/wp-content\/uploads\/2026\/04\/it-matchmaker-ausschreibung.jpg","type":"image\/jpeg"}],"twitter_card":"summary_large_image","twitter_misc":{"Gesch\u00e4tzte Lesezeit":"2\u00a0Minuten"},"schema":{"@context":"https:\/\/schema.org","@graph":[{"@type":"WebPage","@id":"https:\/\/www.it-matchmaker.com\/itm\/fuer-anbieter\/ausschreibungen\/","url":"https:\/\/www.it-matchmaker.com\/itm\/fuer-anbieter\/ausschreibungen\/","name":"Ausschreibungen - IT-Matchmaker","isPartOf":{"@id":"https:\/\/www.it-matchmaker.com\/itm\/#website"},"primaryImageOfPage":{"@id":"https:\/\/www.it-matchmaker.com\/itm\/fuer-anbieter\/ausschreibungen\/#primaryimage"},"image":{"@id":"https:\/\/www.it-matchmaker.com\/itm\/fuer-anbieter\/ausschreibungen\/#primaryimage"},"thumbnailUrl":"https:\/\/www.it-matchmaker.com\/itm\/wp-content\/uploads\/2026\/04\/it-matchmaker-ausschreibung.jpg","datePublished":"2026-04-04T14:04:30+00:00","dateModified":"2026-04-19T21:32:24+00:00","breadcrumb":{"@id":"https:\/\/www.it-matchmaker.com\/itm\/fuer-anbieter\/ausschreibungen\/#breadcrumb"},"inLanguage":"de","potentialAction":[{"@type":"ReadAction","target":["https:\/\/www.it-matchmaker.com\/itm\/fuer-anbieter\/ausschreibungen\/"]}]},{"@type":"ImageObject","inLanguage":"de","@id":"https:\/\/www.it-matchmaker.com\/itm\/fuer-anbieter\/ausschreibungen\/#primaryimage","url":"https:\/\/www.it-matchmaker.com\/itm\/wp-content\/uploads\/2026\/04\/it-matchmaker-ausschreibung.jpg","contentUrl":"https:\/\/www.it-matchmaker.com\/itm\/wp-content\/uploads\/2026\/04\/it-matchmaker-ausschreibung.jpg","width":800,"height":958,"caption":"Bearbeitung von Ausschreibungen \u00fcber IT-Matchmaker"},{"@type":"BreadcrumbList","@id":"https:\/\/www.it-matchmaker.com\/itm\/fuer-anbieter\/ausschreibungen\/#breadcrumb","itemListElement":[{"@type":"ListItem","position":1,"name":"Start","item":"https:\/\/www.it-matchmaker.com\/itm\/"},{"@type":"ListItem","position":2,"name":"F\u00fcr Anbieter","item":"https:\/\/www.it-matchmaker.com\/itm\/fuer-anbieter\/"},{"@type":"ListItem","position":3,"name":"Ausschreibungen"}]},{"@type":"WebSite","@id":"https:\/\/www.it-matchmaker.com\/itm\/#website","url":"https:\/\/www.it-matchmaker.com\/itm\/","name":"IT-Matchmaker","description":"Software-Projekte einfach sicher","publisher":{"@id":"https:\/\/www.it-matchmaker.com\/itm\/#organization"},"potentialAction":[{"@type":"SearchAction","target":{"@type":"EntryPoint","urlTemplate":"https:\/\/www.it-matchmaker.com\/itm\/?s={search_term_string}"},"query-input":{"@type":"PropertyValueSpecification","valueRequired":true,"valueName":"search_term_string"}}],"inLanguage":"de"},{"@type":"Organization","@id":"https:\/\/www.it-matchmaker.com\/itm\/#organization","name":"IT-Matchmaker","url":"https:\/\/www.it-matchmaker.com\/itm\/","logo":{"@type":"ImageObject","inLanguage":"de","@id":"https:\/\/www.it-matchmaker.com\/itm\/#\/schema\/logo\/image\/","url":"","contentUrl":"","caption":"IT-Matchmaker"},"image":{"@id":"https:\/\/www.it-matchmaker.com\/itm\/#\/schema\/logo\/image\/"}}]}},"_links":{"self":[{"href":"https:\/\/www.it-matchmaker.com\/itm\/wp-json\/wp\/v2\/pages\/83028","targetHints":{"allow":["GET"]}}],"collection":[{"href":"https:\/\/www.it-matchmaker.com\/itm\/wp-json\/wp\/v2\/pages"}],"about":[{"href":"https:\/\/www.it-matchmaker.com\/itm\/wp-json\/wp\/v2\/types\/page"}],"author":[{"embeddable":true,"href":"https:\/\/www.it-matchmaker.com\/itm\/wp-json\/wp\/v2\/users\/2"}],"replies":[{"embeddable":true,"href":"https:\/\/www.it-matchmaker.com\/itm\/wp-json\/wp\/v2\/comments?post=83028"}],"version-history":[{"count":34,"href":"https:\/\/www.it-matchmaker.com\/itm\/wp-json\/wp\/v2\/pages\/83028\/revisions"}],"predecessor-version":[{"id":83904,"href":"https:\/\/www.it-matchmaker.com\/itm\/wp-json\/wp\/v2\/pages\/83028\/revisions\/83904"}],"up":[{"embeddable":true,"href":"https:\/\/www.it-matchmaker.com\/itm\/wp-json\/wp\/v2\/pages\/317"}],"wp:attachment":[{"href":"https:\/\/www.it-matchmaker.com\/itm\/wp-json\/wp\/v2\/media?parent=83028"}],"wp:term":[{"taxonomy":"kurztitel_webinare","embeddable":true,"href":"https:\/\/www.it-matchmaker.com\/itm\/wp-json\/wp\/v2\/kurztitel_webinare?post=83028"}],"curies":[{"name":"wp","href":"https:\/\/api.w.org\/{rel}","templated":true}]}}